{"id":430,"date":"2025-10-17T15:10:33","date_gmt":"2025-10-17T13:10:33","guid":{"rendered":"https:\/\/peopledirekt.nl\/?page_id=430"},"modified":"2025-10-24T10:32:51","modified_gmt":"2025-10-24T08:32:51","slug":"over-peopledirekt","status":"publish","type":"page","link":"https:\/\/peopledirekt.nl\/ro\/over-peopledirekt\/","title":{"rendered":"Despre noi"},"content":{"rendered":"<div class=\"et_pb_section_0 et_pb_section et_section_regular et_block_section preset--module--divi-section--default\">\n<div class=\"et_pb_row_0 et_pb_row et_flex_row preset--module--divi-row--default\">\n<div class=\"et_pb_column_0 et_pb_column et_flex_column et_pb_css_mix_blend_mode_passthrough et_flex_column_24_24 et_flex_column_24_24_tablet et_flex_column_24_24_phone\">\n<div class=\"et_pb_text_0 et_pb_text et_pb_bg_layout_light et_pb_module et_flex_module preset--module--divi-text--default\"><div class=\"et_pb_text_inner\"><h1>Munca ta. Misiunea noastr\u0103.<\/h1>\n<\/div><\/div>\n\n<div class=\"et_pb_divider_0 et_pb_divider et_pb_space et_pb_divider_position_top et_pb_module\"><div class=\"et_pb_divider_internal\"><\/div><\/div>\n\n<div class=\"et_pb_text_1 et_pb_text et_pb_bg_layout_light et_pb_module et_flex_module preset--module--divi-text--default\"><div class=\"et_pb_text_inner\"><p>PeopleDirekt se ocup\u0103 de un singur lucru: oamenii potrivi\u021bi la locul potrivit. Din 2018, punem \u00een leg\u0103tur\u0103 persoane motivate aflate \u00een c\u0103utarea unui loc de munc\u0103 cu angajatori de \u00eencredere \u00een sectoare precum horticultura \u00een sere, peisagistic\u0103, logistic\u0103, produc\u021bie \u0219i construc\u021bii. \u00centotdeauna rapid, personal \u0219i cu un ochi pentru calitate.<\/p>\n<\/div><\/div>\n\n<div class=\"et_pb_module et_pb_button_module_wrapper et_pb_button_0_wrapper preset--module--divi-button--default_wrapper\"><a class=\"et_pb_button_0 et_pb_button et_pb_bg_layout_light et_pb_module et_flex_module preset--module--divi-button--default\" href=\"https:\/\/peopledirekt.nl\/ro\/inschrijven\/\" data-icon=\"$\">Abonare<\/a><\/div>\n<\/div>\n\n<div class=\"et_pb_column_1 et_pb_column et-last-child et_flex_column et_pb_css_mix_blend_mode_passthrough et_flex_column_24_24 et_flex_column_24_24_tablet et_flex_column_24_24_phone\">\n<div class=\"et_pb_image_0 et_pb_image et_pb_module et_flex_module\"><span class=\"et_pb_image_wrap\"><img decoding=\"async\" src=\"https:\/\/peopledirekt.nl\/wp-content\/uploads\/2025\/10\/young-entrepreneurs-discussing-something-with-smile-conference-indoor-portrait-international-employees-sitting-office-with-laptops-talking-about-work.webp\" width=\"1749\" height=\"1166\" srcset=\"https:\/\/peopledirekt.nl\/wp-content\/uploads\/2025\/10\/young-entrepreneurs-discussing-something-with-smile-conference-indoor-portrait-international-employees-sitting-office-with-laptops-talking-about-work.webp 1749w, https:\/\/peopledirekt.nl\/wp-content\/uploads\/2025\/10\/young-entrepreneurs-discussing-something-with-smile-conference-indoor-portrait-international-employees-sitting-office-with-laptops-talking-about-work-1280x853.webp 1280w, https:\/\/peopledirekt.nl\/wp-content\/uploads\/2025\/10\/young-entrepreneurs-discussing-something-with-smile-conference-indoor-portrait-international-employees-sitting-office-with-laptops-talking-about-work-980x653.webp 980w, https:\/\/peopledirekt.nl\/wp-content\/uploads\/2025\/10\/young-entrepreneurs-discussing-something-with-smile-conference-indoor-portrait-international-employees-sitting-office-with-laptops-talking-about-work-480x320.webp 480w\" sizes=\"(min-width: 0px) and (max-width: 480px) 480px, (min-width: 481px) and (max-width: 980px) 980px, (min-width: 981px) and (max-width: 1280px) 1280px, (min-width: 1281px) 1749px, 100vw\" class=\"wp-image-437\" \/><\/span><\/div>\n<\/div>\n<\/div>\n<\/div>\n\n<div class=\"et_pb_section_1 et_pb_section et_section_regular et_flex_section preset--module--divi-section--default\">\n<div class=\"et_pb_row_1 et_pb_row et_flex_row preset--module--divi-row--default\">\n<div class=\"et_pb_column_2 et_pb_column et_flex_column et_pb_css_mix_blend_mode_passthrough et_flex_column_24_24 et_flex_column_24_24_tablet et_flex_column_24_24_phone\">\n<div class=\"et_pb_text_2 et_pb_text et_pb_bg_layout_light et_pb_module et_flex_module preset--module--divi-text--default\"><div class=\"et_pb_text_inner\"><h2><b>De ce am \u00eenfiin\u021bat PeopleDirekt<\/b><\/h2>\n<\/div><\/div>\n\n<div class=\"et_pb_divider_1 et_pb_divider et_pb_space et_pb_divider_position_top et_pb_module\"><div class=\"et_pb_divider_internal\"><\/div><\/div>\n\n<div class=\"et_pb_text_3 et_pb_text et_pb_bg_layout_light et_pb_module et_flex_module preset--module--divi-text--default\"><div class=\"et_pb_text_inner\"><p class=\"p1\">La PeopleDirekt, ne place s\u0103 p\u0103str\u0103m lucrurile simple. Lucr\u0103m cu acorduri clare, linii scurte \u0219i contact personal. Scopul nostru este s\u0103 facem potrivirea perfect\u0103 \u00eentre persoanele aflate \u00een c\u0103utarea unui loc de munc\u0103 \u0219i companii. Fie c\u0103 sunte\u021bi \u00een c\u0103utarea unei noi provoc\u0103ri sau a unei consolid\u0103ri pentru echipa dvs. - ne asigur\u0103m c\u0103 totul este aranjat rapid, f\u0103r\u0103 probleme \u0219i bine.<\/p>\n<\/div><\/div>\n<\/div>\n\n<div class=\"et_pb_column_3 et_pb_column et-last-child et_flex_column et_pb_css_mix_blend_mode_passthrough et_flex_column_24_24 et_flex_column_24_24_tablet et_flex_column_24_24_phone\">\n<div class=\"et_pb_divider_2 et_pb_divider_hidden et_pb_space et_pb_divider_position_top et_pb_module\"><div class=\"et_pb_divider_internal\"><\/div><\/div>\n<\/div>\n<\/div>\n<\/div>\n\n<div class=\"et_pb_section_2 et_pb_section et_section_regular et_flex_section preset--module--divi-section--default\">\n<div class=\"et_pb_row_2 et_pb_row et_flex_row preset--module--divi-row--default\">\n<div class=\"et_pb_column_4 et_pb_column et-last-child et_flex_column et_pb_css_mix_blend_mode_passthrough et_flex_column_24_24 et_flex_column_24_24_tablet et_flex_column_24_24_phone\">\n<div class=\"et_pb_text_4 et_pb_text et_pb_bg_layout_light et_pb_module et_flex_module preset--module--divi-text--default\"><div class=\"et_pb_text_inner\"><h2>La ce v\u0103 pute\u021bi a\u0219tepta de la noi<\/h2>\n<\/div><\/div>\n\n<div class=\"et_pb_divider_3 et_pb_divider et_pb_space et_pb_divider_position_top et_pb_module\"><div class=\"et_pb_divider_internal\"><\/div><\/div>\n<\/div>\n<\/div>\n\n<div class=\"et_pb_row_3 et_pb_row et_flex_row preset--module--divi-row--default\">\n<div class=\"et_pb_column_5 et_pb_column et_flex_column et_pb_css_mix_blend_mode_passthrough et_flex_column_24_24 et_flex_column_24_24_tablet et_flex_column_24_24_phone\">\n<div class=\"et_pb_image_1 et_pb_image et_pb_module et_flex_module\"><span class=\"et_pb_image_wrap\"><img decoding=\"async\" src=\"https:\/\/peopledirekt.nl\/wp-content\/uploads\/2025\/10\/personal-icon.svg\" class=\"wp-image-445\" \/><\/span><\/div>\n\n<div class=\"et_pb_text_5 et_pb_text et_pb_bg_layout_light et_pb_module et_flex_module preset--module--divi-text--default\"><div class=\"et_pb_text_inner\"><h3>Aten\u021bie personal\u0103<\/h3>\n<p>Ajungem s\u0103 v\u0103 cunoa\u0219tem cu adev\u0103rat, astfel \u00eenc\u00e2t s\u0103 \u0219tim exact ce c\u0103uta\u021bi.<\/p>\n<\/div><\/div>\n<\/div>\n\n<div class=\"et_pb_column_6 et_pb_column et_flex_column et_pb_css_mix_blend_mode_passthrough et_flex_column_24_24 et_flex_column_24_24_tablet et_flex_column_24_24_phone\">\n<div class=\"et_pb_image_2 et_pb_image et_pb_module et_flex_module\"><span class=\"et_pb_image_wrap\"><img decoding=\"async\" src=\"https:\/\/peopledirekt.nl\/wp-content\/uploads\/2025\/10\/trust-icon.svg\" class=\"wp-image-446\" \/><\/span><\/div>\n\n<div class=\"et_pb_text_6 et_pb_text et_pb_bg_layout_light et_pb_module et_flex_module preset--module--divi-text--default\"><div class=\"et_pb_text_inner\"><h3>Fiabilitate<\/h3>\n<p>Facem ceea ce promitem \u0219i ne onor\u0103m angajamentele.<\/p>\n<\/div><\/div>\n<\/div>\n\n<div class=\"et_pb_column_7 et_pb_column et_flex_column et_pb_css_mix_blend_mode_passthrough et_flex_column_24_24 et_flex_column_24_24_tablet et_flex_column_24_24_phone\">\n<div class=\"et_pb_image_3 et_pb_image et_pb_module et_flex_module\"><span class=\"et_pb_image_wrap\"><img decoding=\"async\" src=\"https:\/\/peopledirekt.nl\/wp-content\/uploads\/2025\/10\/fast-icon.svg\" class=\"wp-image-447\" \/><\/span><\/div>\n\n<div class=\"et_pb_text_7 et_pb_text et_pb_bg_layout_light et_pb_module et_flex_module preset--module--divi-text--default\"><div class=\"et_pb_text_inner\"><h3>Viteza<\/h3>\n<p>Schimb\u0103m imediat vitezele \u0219i ne asigur\u0103m c\u0103 ve\u021bi vedea rezultatele rapid.<\/p>\n<\/div><\/div>\n<\/div>\n\n<div class=\"et_pb_column_8 et_pb_column et-last-child et_flex_column et_pb_css_mix_blend_mode_passthrough et_flex_column_24_24 et_flex_column_24_24_tablet et_flex_column_24_24_phone\">\n<div class=\"et_pb_image_4 et_pb_image et_pb_module et_flex_module\"><span class=\"et_pb_image_wrap\"><img decoding=\"async\" src=\"https:\/\/peopledirekt.nl\/wp-content\/uploads\/2025\/10\/transparantie-icon.svg\" class=\"wp-image-448\" \/><\/span><\/div>\n\n<div class=\"et_pb_text_8 et_pb_text et_pb_bg_layout_light et_pb_module et_flex_module preset--module--divi-text--default\"><div class=\"et_pb_text_inner\"><h3>Transparen\u021b\u0103<\/h3>\n<p>\u0218ti\u021bi \u00eentotdeauna unde v\u0103 afla\u021bi, f\u0103r\u0103 caractere mici.<\/p>\n<\/div><\/div>\n<\/div>\n<\/div>\n<\/div>\n\n<div class=\"et_pb_section_3 et_pb_section et_section_regular et_flex_section preset--module--divi-section--default\">\n<div class=\"et_pb_row_4 et_pb_row et_flex_row preset--module--divi-row--default\">\n<div class=\"et_pb_column_9 et_pb_column et_flex_column et_pb_css_mix_blend_mode_passthrough et_flex_column_24_24 et_flex_column_24_24_tablet et_flex_column_24_24_phone\">\n<div class=\"et_pb_image_5 et_pb_image et_pb_module et_flex_module\"><span class=\"et_pb_image_wrap\"><img decoding=\"async\" src=\"https:\/\/peopledirekt.nl\/wp-content\/uploads\/2025\/10\/22360.webp\" width=\"1750\" height=\"1166\" srcset=\"https:\/\/peopledirekt.nl\/wp-content\/uploads\/2025\/10\/22360.webp 1750w, https:\/\/peopledirekt.nl\/wp-content\/uploads\/2025\/10\/22360-1280x853.webp 1280w, https:\/\/peopledirekt.nl\/wp-content\/uploads\/2025\/10\/22360-980x653.webp 980w, https:\/\/peopledirekt.nl\/wp-content\/uploads\/2025\/10\/22360-480x320.webp 480w\" sizes=\"(min-width: 0px) and (max-width: 480px) 480px, (min-width: 481px) and (max-width: 980px) 980px, (min-width: 981px) and (max-width: 1280px) 1280px, (min-width: 1281px) 1750px, 100vw\" class=\"wp-image-441\" \/><\/span><\/div>\n\n<div class=\"et_pb_text_9 et_pb_text et_pb_bg_layout_light et_pb_module et_flex_module preset--module--divi-text--default\"><div class=\"et_pb_text_inner\"><h2>Ce ne face diferi\u021bi<\/h2>\n<\/div><\/div>\n\n<div class=\"et_pb_divider_4 et_pb_divider et_pb_space et_pb_divider_position_top et_pb_module\"><div class=\"et_pb_divider_internal\"><\/div><\/div>\n\n<div class=\"et_pb_text_10 et_pb_text et_pb_bg_layout_light et_pb_module et_flex_module preset--module--divi-text--default\"><div class=\"et_pb_text_inner\"><p class=\"p1\">Exist\u0103 multe agen\u021bii de recrutare, dar numai una ca PeopleDirekt. Noi credem c\u0103 o potrivire bun\u0103 \u00eencepe cu o ascultare real\u0103. Ne lu\u0103m timp s\u0103 v\u0103 \u00een\u021belegem nevoile, obiectivele \u0219i provoc\u0103rile. Acest lucru ne permite s\u0103 efectu\u0103m c\u0103ut\u0103ri direc\u021bionate \u0219i s\u0103 venim cu candida\u021bi sau locuri de munc\u0103 care se potrivesc.<\/p>\n<p class=\"p1\">De asemenea, ne g\u00e2ndim \u00eempreun\u0103 cu dvs. la solu\u021bii flexibile \u0219i r\u0103m\u00e2nem implica\u021bi, chiar \u0219i dup\u0103 ce a fost f\u0103cut\u0103 potrivirea. Nu degeaba clien\u021bii no\u0219tri ne numesc partenerul lor obi\u0219nuit de recrutare.<\/p>\n<\/div><\/div>\n<\/div>\n\n<div class=\"et_pb_column_10 et_pb_column et-last-child et_flex_column et_pb_css_mix_blend_mode_passthrough et_flex_column_24_24 et_flex_column_24_24_tablet et_flex_column_24_24_phone\">\n<div class=\"et_pb_image_6 et_pb_image et_pb_module et_flex_module\"><span class=\"et_pb_image_wrap\"><img decoding=\"async\" src=\"https:\/\/peopledirekt.nl\/wp-content\/uploads\/2025\/10\/3710.webp\" width=\"1750\" height=\"1166\" srcset=\"https:\/\/peopledirekt.nl\/wp-content\/uploads\/2025\/10\/3710.webp 1750w, https:\/\/peopledirekt.nl\/wp-content\/uploads\/2025\/10\/3710-1280x853.webp 1280w, https:\/\/peopledirekt.nl\/wp-content\/uploads\/2025\/10\/3710-980x653.webp 980w, https:\/\/peopledirekt.nl\/wp-content\/uploads\/2025\/10\/3710-480x320.webp 480w\" sizes=\"(min-width: 0px) and (max-width: 480px) 480px, (min-width: 481px) and (max-width: 980px) 980px, (min-width: 981px) and (max-width: 1280px) 1280px, (min-width: 1281px) 1750px, 100vw\" class=\"wp-image-442\" \/><\/span><\/div>\n\n<div class=\"et_pb_text_11 et_pb_text et_pb_bg_layout_light et_pb_module et_flex_module preset--module--divi-text--default\"><div class=\"et_pb_text_inner\"><h2>O echip\u0103 care \u0219tie cum func\u021bioneaz\u0103<\/h2>\n<\/div><\/div>\n\n<div class=\"et_pb_divider_5 et_pb_divider et_pb_space et_pb_divider_position_top et_pb_module\"><div class=\"et_pb_divider_internal\"><\/div><\/div>\n\n<div class=\"et_pb_text_12 et_pb_text et_pb_bg_layout_light et_pb_module et_flex_module preset--module--divi-text--default\"><div class=\"et_pb_text_inner\"><p class=\"p1\">Echipa noastr\u0103 este format\u0103 din recrutori \u0219i mediatori cu experien\u021b\u0103 care \u00ee\u0219i cunosc meseria. Suntem suficient de mici pentru a-i cunoa\u0219te pe to\u021bi personal \u0219i suficient de mari pentru a schimba rapid. Ceea ce ne une\u0219te este o convingere comun\u0103: munca este mai mult dec\u00e2t un loc \u00een care s\u0103 c\u00e2\u0219tigi bani. Este o oportunitate de a cre\u0219te, de a face noi pa\u0219i \u0219i de a pleca acas\u0103 mul\u021bumit.<\/p>\n<\/div><\/div>\n<\/div>\n<\/div>\n<\/div>\n\n<div class=\"et_pb_section_4 et_pb_section et_section_regular et_flex_section preset--module--divi-section--default\">\n<div class=\"et_pb_row_5 et_pb_row et_flex_row preset--module--divi-row--default\">\n<div class=\"et_pb_column_11 et_pb_column et_flex_column et_pb_css_mix_blend_mode_passthrough et_flex_column_24_24 et_flex_column_24_24_tablet et_flex_column_24_24_phone\">\n<div class=\"et_pb_row_6 et_pb_row et_pb_row_nested et_flex_row preset--module--divi-row--default\">\n<div class=\"et_pb_column_12 et_pb_column et-last-child et_flex_column et_pb_css_mix_blend_mode_passthrough et_flex_column_24_24 et_flex_column_24_24_tablet et_flex_column_24_24_phone\">\n<div class=\"et_pb_image_7 et_pb_image et_pb_module et_flex_module\"><span class=\"et_pb_image_wrap\"><img decoding=\"async\" src=\"https:\/\/peopledirekt.nl\/wp-content\/uploads\/2025\/10\/20415.webp\" width=\"1750\" height=\"1166\" srcset=\"https:\/\/peopledirekt.nl\/wp-content\/uploads\/2025\/10\/20415.webp 1750w, https:\/\/peopledirekt.nl\/wp-content\/uploads\/2025\/10\/20415-1280x853.webp 1280w, https:\/\/peopledirekt.nl\/wp-content\/uploads\/2025\/10\/20415-980x653.webp 980w, https:\/\/peopledirekt.nl\/wp-content\/uploads\/2025\/10\/20415-480x320.webp 480w\" sizes=\"(min-width: 0px) and (max-width: 480px) 480px, (min-width: 481px) and (max-width: 980px) 980px, (min-width: 981px) and (max-width: 1280px) 1280px, (min-width: 1281px) 1750px, 100vw\" class=\"wp-image-425\" \/><\/span><\/div>\n<\/div>\n<\/div>\n<\/div>\n\n<div class=\"et_pb_column_13 et_pb_column et-last-child et_flex_column et_pb_css_mix_blend_mode_passthrough et_flex_column_24_24 et_flex_column_24_24_tablet et_flex_column_24_24_phone\">\n<div class=\"et_pb_row_7 et_pb_row et_pb_row_nested et_flex_row preset--module--divi-row--default\">\n<div class=\"et_pb_column_14 et_pb_column et_flex_column et_pb_css_mix_blend_mode_passthrough et_flex_column_24_24 et_flex_column_24_24_tablet et_flex_column_24_24_phone\">\n<div class=\"et_pb_blurb_0 et_pb_blurb et_pb_bg_layout_light et_pb_blurb_position_left et_pb_module et_flex_module preset--module--divi-blurb--default\"><div class=\"et_pb_blurb_content et_flex_module\"><div class=\"et_pb_main_blurb_image\"><span class=\"et_pb_image_wrap\"><span class=\"et-pb-icon et-waypoint et_pb_animation_top et_pb_animation_top_tablet et_pb_animation_top_phone\">N<\/span><\/span><\/div><div class=\"et_pb_blurb_container\"><h4 class=\"et_pb_module_header\">Cooperare fiabil\u0103 <\/h4><div class=\"et_pb_blurb_description\"><p>Ne \u021binem de \u00eent\u00e2lniri \u0219i oferim calitate.<\/p>\n<\/div><\/div><\/div><\/div>\n<\/div>\n\n<div class=\"et_pb_column_15 et_pb_column et-last-child et_flex_column et_pb_css_mix_blend_mode_passthrough et_flex_column_24_24 et_flex_column_24_24_tablet et_flex_column_24_24_phone\">\n<div class=\"et_pb_blurb_1 et_pb_blurb et_pb_bg_layout_light et_pb_blurb_position_left et_pb_module et_flex_module preset--module--divi-blurb--default\"><div class=\"et_pb_blurb_content et_flex_module\"><div class=\"et_pb_main_blurb_image\"><span class=\"et_pb_image_wrap\"><span class=\"et-pb-icon et-waypoint et_pb_animation_top et_pb_animation_top_tablet et_pb_animation_top_phone\">N<\/span><\/span><\/div><div class=\"et_pb_blurb_container\"><h4 class=\"et_pb_module_header\">Reac\u021bii rapide<\/h4><div class=\"et_pb_blurb_description\"><p class=\"p1\">Ob\u021bine\u021bi claritate rapid \u0219i schimb\u0103m viteza imediat.<\/p>\n<\/div><\/div><\/div><\/div>\n<\/div>\n<\/div>\n\n<div class=\"et_pb_row_8 et_pb_row et_pb_row_nested et_flex_row preset--module--divi-row--default\">\n<div class=\"et_pb_column_16 et_pb_column et_flex_column et_pb_css_mix_blend_mode_passthrough et_flex_column_24_24 et_flex_column_24_24_tablet et_flex_column_24_24_phone\">\n<div class=\"et_pb_blurb_2 et_pb_blurb et_pb_bg_layout_light et_pb_blurb_position_left et_pb_module et_flex_module preset--module--divi-blurb--default\"><div class=\"et_pb_blurb_content et_flex_module\"><div class=\"et_pb_main_blurb_image\"><span class=\"et_pb_image_wrap\"><span class=\"et-pb-icon et-waypoint et_pb_animation_top et_pb_animation_top_tablet et_pb_animation_top_phone\">N<\/span><\/span><\/div><div class=\"et_pb_blurb_container\"><h4 class=\"et_pb_module_header\">Coaching personal<\/h4><div class=\"et_pb_blurb_description\"><p class=\"p1\">G\u00e2ndim \u00eempreun\u0103 cu dvs. \u0219i r\u0103m\u00e2nem implica\u021bi.<\/p>\n<\/div><\/div><\/div><\/div>\n<\/div>\n\n<div class=\"et_pb_column_17 et_pb_column et-last-child et_flex_column et_pb_css_mix_blend_mode_passthrough et_flex_column_24_24 et_flex_column_24_24_tablet et_flex_column_24_24_phone\">\n<div class=\"et_pb_blurb_3 et_pb_blurb et_pb_bg_layout_light et_pb_blurb_position_left et_pb_module et_flex_module preset--module--divi-blurb--default\"><div class=\"et_pb_blurb_content et_flex_module\"><div class=\"et_pb_main_blurb_image\"><span class=\"et_pb_image_wrap\"><span class=\"et-pb-icon et-waypoint et_pb_animation_top et_pb_animation_top_tablet et_pb_animation_top_phone\">N<\/span><\/span><\/div><div class=\"et_pb_blurb_container\"><h4 class=\"et_pb_module_header\">Solu\u021bii flexibile<\/h4><div class=\"et_pb_blurb_description\"><p class=\"p1\">G\u0103sim \u00eentotdeauna o abordare care se potrive\u0219te situa\u021biei dumneavoastr\u0103.<\/p>\n<\/div><\/div><\/div><\/div>\n<\/div>\n<\/div>\n<\/div>\n<\/div>\n\n<div class=\"et_pb_row_9 et_pb_row et_flex_row preset--module--divi-row--default\">\n<div class=\"et_pb_column_18 et_pb_column et_flex_column et_pb_css_mix_blend_mode_passthrough et_flex_column_24_24 et_flex_column_24_24_tablet et_flex_column_24_24_phone\">\n<div class=\"et_pb_text_13 et_pb_text et_pb_bg_layout_light et_pb_module et_flex_module preset--module--divi-text--default\"><div class=\"et_pb_text_inner\"><h2>Sunte\u021bi preg\u0103tit pentru pasul urm\u0103tor?<\/h2>\n<\/div><\/div>\n\n<div class=\"et_pb_divider_6 et_pb_divider et_pb_space et_pb_divider_position_top et_pb_module\"><div class=\"et_pb_divider_internal\"><\/div><\/div>\n\n<div class=\"et_pb_text_14 et_pb_text et_pb_bg_layout_light et_pb_module et_flex_module preset--module--divi-text--default\"><div class=\"et_pb_text_inner\"><p class=\"p1\">Aplic\u0103 acum \u0219i descoper\u0103 cum po\u021bi face diferen\u021ba. La PeopleDirekt, ne asigur\u0103m c\u0103 ajungi la locul potrivit \u0219i c\u0103 te po\u021bi dezvolta \u00een ceea ce faci.<\/p>\n<\/div><\/div>\n\n<div class=\"et_pb_module et_pb_button_module_wrapper et_pb_button_1_wrapper preset--module--divi-button--default_wrapper\"><a class=\"et_pb_button_1 et_pb_button et_pb_bg_layout_light et_pb_module et_flex_module preset--module--divi-button--default\" href=\"https:\/\/peopledirekt.nl\/ro\/contact\/\" data-icon=\"$\">Intra\u021bi \u00een contact<\/a><\/div>\n<\/div>\n\n<div class=\"et_pb_column_19 et_pb_column et-last-child et_flex_column et_pb_css_mix_blend_mode_passthrough et_flex_column_24_24 et_flex_column_24_24_tablet et_flex_column_24_24_phone\">\n<div class=\"et_pb_image_8 et_pb_image et_pb_module et_flex_module\"><span class=\"et_pb_image_wrap\"><img decoding=\"async\" src=\"https:\/\/peopledirekt.nl\/wp-content\/uploads\/2025\/10\/cta-woman.webp\" width=\"275\" height=\"410\" sizes=\"(max-width: 275px) 100vw, 275px\" class=\"wp-image-262\" \/><\/span><\/div>\n<\/div>\n<\/div>\n<\/div>","protected":false},"excerpt":{"rendered":"","protected":false},"author":1,"featured_media":0,"parent":0,"menu_order":0,"comment_status":"closed","ping_status":"closed","template":"","meta":{"_acf_changed":false,"footnotes":""},"class_list":["post-430","page","type-page","status-publish","hentry"],"acf":[],"yoast_head":"<!-- This site is optimized with the Yoast SEO plugin v26.9 - https:\/\/yoast.com\/product\/yoast-seo-wordpress\/ -->\n<title>Over ons | PeopleDirekt<\/title>\n<meta name=\"description\" content=\"Leer ons kennen \u2013 een betrokken uitzendbureau in het Westland met jarenlange ervaring in personeelsbemiddeling en regionale arbeidsmarkt.\" \/>\n<meta name=\"robots\" content=\"index, follow, max-snippet:-1, max-image-preview:large, max-video-preview:-1\" \/>\n<link rel=\"canonical\" href=\"https:\/\/peopledirekt.nl\/ro\/over-peopledirekt\/\" \/>\n<meta property=\"og:locale\" content=\"ro_RO\" \/>\n<meta property=\"og:type\" content=\"article\" \/>\n<meta property=\"og:title\" content=\"Over ons | PeopleDirekt\" \/>\n<meta property=\"og:description\" content=\"Leer ons kennen \u2013 een betrokken uitzendbureau in het Westland met jarenlange ervaring in personeelsbemiddeling en regionale arbeidsmarkt.\" \/>\n<meta property=\"og:url\" content=\"https:\/\/peopledirekt.nl\/ro\/over-peopledirekt\/\" \/>\n<meta property=\"og:site_name\" content=\"PeopleDirekt\" \/>\n<meta property=\"article:modified_time\" content=\"2025-10-24T08:32:51+00:00\" \/>\n<meta name=\"twitter:card\" content=\"summary_large_image\" \/>\n<script type=\"application\/ld+json\" class=\"yoast-schema-graph\">{\"@context\":\"https:\/\/schema.org\",\"@graph\":[{\"@type\":\"WebPage\",\"@id\":\"https:\/\/peopledirekt.nl\/over-peopledirekt\/\",\"url\":\"https:\/\/peopledirekt.nl\/over-peopledirekt\/\",\"name\":\"Over ons | PeopleDirekt\",\"isPartOf\":{\"@id\":\"https:\/\/peopledirekt.nl\/#website\"},\"datePublished\":\"2025-10-17T13:10:33+00:00\",\"dateModified\":\"2025-10-24T08:32:51+00:00\",\"description\":\"Leer ons kennen \u2013 een betrokken uitzendbureau in het Westland met jarenlange ervaring in personeelsbemiddeling en regionale arbeidsmarkt.\",\"breadcrumb\":{\"@id\":\"https:\/\/peopledirekt.nl\/over-peopledirekt\/#breadcrumb\"},\"inLanguage\":\"ro-RO\",\"potentialAction\":[{\"@type\":\"ReadAction\",\"target\":[\"https:\/\/peopledirekt.nl\/over-peopledirekt\/\"]}]},{\"@type\":\"BreadcrumbList\",\"@id\":\"https:\/\/peopledirekt.nl\/over-peopledirekt\/#breadcrumb\",\"itemListElement\":[{\"@type\":\"ListItem\",\"position\":1,\"name\":\"Home\",\"item\":\"https:\/\/peopledirekt.nl\/\"},{\"@type\":\"ListItem\",\"position\":2,\"name\":\"Over ons\"}]},{\"@type\":\"WebSite\",\"@id\":\"https:\/\/peopledirekt.nl\/#website\",\"url\":\"https:\/\/peopledirekt.nl\/\",\"name\":\"PeopleDirekt\",\"description\":\"\",\"potentialAction\":[{\"@type\":\"SearchAction\",\"target\":{\"@type\":\"EntryPoint\",\"urlTemplate\":\"https:\/\/peopledirekt.nl\/?s={search_term_string}\"},\"query-input\":{\"@type\":\"PropertyValueSpecification\",\"valueRequired\":true,\"valueName\":\"search_term_string\"}}],\"inLanguage\":\"ro-RO\"}]}<\/script>\n<!-- \/ Yoast SEO plugin. -->","yoast_head_json":{"title":"Over ons | PeopleDirekt","description":"Leer ons kennen \u2013 een betrokken uitzendbureau in het Westland met jarenlange ervaring in personeelsbemiddeling en regionale arbeidsmarkt.","robots":{"index":"index","follow":"follow","max-snippet":"max-snippet:-1","max-image-preview":"max-image-preview:large","max-video-preview":"max-video-preview:-1"},"canonical":"https:\/\/peopledirekt.nl\/ro\/over-peopledirekt\/","og_locale":"ro_RO","og_type":"article","og_title":"Over ons | PeopleDirekt","og_description":"Leer ons kennen \u2013 een betrokken uitzendbureau in het Westland met jarenlange ervaring in personeelsbemiddeling en regionale arbeidsmarkt.","og_url":"https:\/\/peopledirekt.nl\/ro\/over-peopledirekt\/","og_site_name":"PeopleDirekt","article_modified_time":"2025-10-24T08:32:51+00:00","twitter_card":"summary_large_image","schema":{"@context":"https:\/\/schema.org","@graph":[{"@type":"WebPage","@id":"https:\/\/peopledirekt.nl\/over-peopledirekt\/","url":"https:\/\/peopledirekt.nl\/over-peopledirekt\/","name":"Over ons | PeopleDirekt","isPartOf":{"@id":"https:\/\/peopledirekt.nl\/#website"},"datePublished":"2025-10-17T13:10:33+00:00","dateModified":"2025-10-24T08:32:51+00:00","description":"Leer ons kennen \u2013 een betrokken uitzendbureau in het Westland met jarenlange ervaring in personeelsbemiddeling en regionale arbeidsmarkt.","breadcrumb":{"@id":"https:\/\/peopledirekt.nl\/over-peopledirekt\/#breadcrumb"},"inLanguage":"ro-RO","potentialAction":[{"@type":"ReadAction","target":["https:\/\/peopledirekt.nl\/over-peopledirekt\/"]}]},{"@type":"BreadcrumbList","@id":"https:\/\/peopledirekt.nl\/over-peopledirekt\/#breadcrumb","itemListElement":[{"@type":"ListItem","position":1,"name":"Home","item":"https:\/\/peopledirekt.nl\/"},{"@type":"ListItem","position":2,"name":"Over ons"}]},{"@type":"WebSite","@id":"https:\/\/peopledirekt.nl\/#website","url":"https:\/\/peopledirekt.nl\/","name":"PeopleDirekt","description":"","potentialAction":[{"@type":"SearchAction","target":{"@type":"EntryPoint","urlTemplate":"https:\/\/peopledirekt.nl\/?s={search_term_string}"},"query-input":{"@type":"PropertyValueSpecification","valueRequired":true,"valueName":"search_term_string"}}],"inLanguage":"ro-RO"}]}},"_links":{"self":[{"href":"https:\/\/peopledirekt.nl\/ro\/wp-json\/wp\/v2\/pages\/430","targetHints":{"allow":["GET"]}}],"collection":[{"href":"https:\/\/peopledirekt.nl\/ro\/wp-json\/wp\/v2\/pages"}],"about":[{"href":"https:\/\/peopledirekt.nl\/ro\/wp-json\/wp\/v2\/types\/page"}],"author":[{"embeddable":true,"href":"https:\/\/peopledirekt.nl\/ro\/wp-json\/wp\/v2\/users\/1"}],"replies":[{"embeddable":true,"href":"https:\/\/peopledirekt.nl\/ro\/wp-json\/wp\/v2\/comments?post=430"}],"version-history":[{"count":23,"href":"https:\/\/peopledirekt.nl\/ro\/wp-json\/wp\/v2\/pages\/430\/revisions"}],"predecessor-version":[{"id":630,"href":"https:\/\/peopledirekt.nl\/ro\/wp-json\/wp\/v2\/pages\/430\/revisions\/630"}],"wp:attachment":[{"href":"https:\/\/peopledirekt.nl\/ro\/wp-json\/wp\/v2\/media?parent=430"}],"curies":[{"name":"wp","href":"https:\/\/api.w.org\/{rel}","templated":true}]}}