{"id":2,"date":"2025-05-16T11:09:47","date_gmt":"2025-05-16T11:09:47","guid":{"rendered":"https:\/\/peopledirekt.nl\/?page_id=2"},"modified":"2025-10-30T15:59:07","modified_gmt":"2025-10-30T14:59:07","slug":"home","status":"publish","type":"page","link":"https:\/\/peopledirekt.nl\/ro\/","title":{"rendered":"Acas\u0103"},"content":{"rendered":"<div class=\"et_pb_section_0 et_pb_section et_section_regular et_block_section preset--module--divi-section--default\">\n<div class=\"et_pb_row_0 et_pb_row et_block_row preset--module--divi-row--default\">\n<div class=\"et_pb_column_0 et_pb_column et_pb_column_1_2 et_block_column et_pb_css_mix_blend_mode_passthrough\">\n<div class=\"et_pb_text_0 et_pb_text et_pb_bg_layout_light et_pb_module et_flex_module preset--module--divi-text--default\"><div class=\"et_pb_text_inner\"><h1>Noi conect\u0103m oamenii<\/h1>\n<\/div><\/div>\n\n<div class=\"et_pb_divider_0 et_pb_divider et_pb_space et_pb_divider_position_top et_pb_module\"><div class=\"et_pb_divider_internal\"><\/div><\/div>\n\n<div class=\"et_pb_text_1 et_pb_text et_pb_bg_layout_light et_pb_module et_flex_module preset--module--divi-text--default\"><div class=\"et_pb_text_inner\"><p>Suntem PeopleDirekt: speciali\u0219ti \u00een personal, recrutare \u0219i selec\u021bie \u0219i salarizare din 2018. Pentru un partener permanent \u00een domeniul personalului, a\u021bi ajuns la locul potrivit.<\/p>\n<\/div><\/div>\n\n<div class=\"et_pb_module et_pb_button_module_wrapper et_pb_button_0_wrapper preset--module--divi-button--default_wrapper\"><a class=\"et_pb_button_0 et_pb_button et_pb_bg_layout_light et_pb_module et_flex_module preset--module--divi-button--default\" href=\"https:\/\/peopledirekt.nl\/ro\/inschrijven\/\" data-icon=\"$\">Abonare<\/a><\/div>\n<\/div>\n\n<div class=\"et_pb_column_1 et_pb_column et_pb_column_1_2 et-last-child et_block_column et_pb_css_mix_blend_mode_passthrough\">\n<div class=\"et_pb_image_0 et_pb_image et_pb_module et_flex_module\"><span class=\"et_pb_image_wrap\"><img decoding=\"async\" src=\"https:\/\/peopledirekt.nl\/wp-content\/uploads\/2025\/10\/test-hero.webp\" width=\"1750\" height=\"1117\" srcset=\"https:\/\/peopledirekt.nl\/wp-content\/uploads\/2025\/10\/test-hero.webp 1750w, https:\/\/peopledirekt.nl\/wp-content\/uploads\/2025\/10\/test-hero-1280x817.webp 1280w, https:\/\/peopledirekt.nl\/wp-content\/uploads\/2025\/10\/test-hero-980x626.webp 980w, https:\/\/peopledirekt.nl\/wp-content\/uploads\/2025\/10\/test-hero-480x306.webp 480w\" sizes=\"(min-width: 0px) and (max-width: 480px) 480px, (min-width: 481px) and (max-width: 980px) 980px, (min-width: 981px) and (max-width: 1280px) 1280px, (min-width: 1281px) 1750px, 100vw\" class=\"wp-image-216\" \/><\/span><\/div>\n<\/div>\n<\/div>\n<\/div>\n\n<div class=\"et_pb_section_1 et_pb_section et_section_regular et_flex_section preset--module--divi-section--default\">\n<div class=\"et_pb_row_1 et_pb_row et_flex_row preset--module--divi-row--default\">\n<div class=\"et_pb_column_2 et_pb_column et-last-child et_flex_column et_pb_css_mix_blend_mode_passthrough et_flex_column_24_24 et_flex_column_24_24_tablet et_flex_column_24_24_phone\">\n<div class=\"et_pb_text_2 et_pb_text et_pb_bg_layout_light et_pb_module et_flex_module preset--module--divi-text--default\"><div class=\"et_pb_text_inner\"><h2>Activitatea noastr\u0103<\/h2>\n<\/div><\/div>\n\n<div class=\"et_pb_divider_1 et_pb_divider et_pb_space et_pb_divider_position_top et_pb_module\"><div class=\"et_pb_divider_internal\"><\/div><\/div>\n<\/div>\n<\/div>\n\n<div class=\"et_pb_row_2 et_pb_row et_flex_row preset--module--divi-row--default\">\n<div class=\"et_pb_column_3 et_pb_column et_flex_column et_pb_css_mix_blend_mode_passthrough et_flex_column_24_24 et_flex_column_24_24_tablet et_flex_column_24_24_phone\">\n<div class=\"et_pb_image_1 et_pb_image et_pb_module et_flex_module\"><span class=\"et_pb_image_wrap\"><img decoding=\"async\" src=\"https:\/\/peopledirekt.nl\/wp-content\/uploads\/2025\/10\/uitzenden-icon.svg\" class=\"wp-image-232\" \/><\/span><\/div>\n\n<div class=\"et_pb_text_3 et_pb_text et_pb_bg_layout_light et_pb_module et_flex_module preset--module--divi-text--default\"><div class=\"et_pb_text_inner\"><h3>Radiodifuziune<\/h3>\n<p>Furniz\u0103m personal pe o baz\u0103 flexibil\u0103: dumneavoastr\u0103 decide\u021bi c\u00e2nd \u0219i pentru c\u00e2t timp, \u00een func\u021bie de misiune.<\/p>\n<\/div><\/div>\n<\/div>\n\n<div class=\"et_pb_column_4 et_pb_column et_flex_column et_pb_css_mix_blend_mode_passthrough et_flex_column_24_24 et_flex_column_24_24_tablet et_flex_column_24_24_phone\">\n<div class=\"et_pb_image_2 et_pb_image et_pb_module et_flex_module\"><span class=\"et_pb_image_wrap\"><img decoding=\"async\" src=\"https:\/\/peopledirekt.nl\/wp-content\/uploads\/2025\/10\/detachering-icon.svg\" class=\"wp-image-229\" \/><\/span><\/div>\n\n<div class=\"et_pb_text_4 et_pb_text et_pb_bg_layout_light et_pb_module et_flex_module preset--module--divi-text--default\"><div class=\"et_pb_text_inner\"><h3>Deta\u0219are<\/h3>\n<p>Oferim angaja\u021bi pe termen lung cu continuitate \u0219i calitate pentru organiza\u021bia dumneavoastr\u0103.<\/p>\n<\/div><\/div>\n<\/div>\n\n<div class=\"et_pb_column_5 et_pb_column et_flex_column et_pb_css_mix_blend_mode_passthrough et_flex_column_24_24 et_flex_column_24_24_tablet et_flex_column_24_24_phone\">\n<div class=\"et_pb_image_3 et_pb_image et_pb_module et_flex_module\"><span class=\"et_pb_image_wrap\"><img decoding=\"async\" src=\"https:\/\/peopledirekt.nl\/wp-content\/uploads\/2025\/10\/payrol-icon.svg\" class=\"wp-image-231\" \/><\/span><\/div>\n\n<div class=\"et_pb_text_5 et_pb_text et_pb_bg_layout_light et_pb_module et_flex_module preset--module--divi-text--default\"><div class=\"et_pb_text_inner\"><h3>Salarizare<\/h3>\n<p>Tu te recrutezi, noi ne ocup\u0103m de salarizare \u0219i ne asum\u0103m riscurile. Astfel, economisi\u021bi costurile cu munca temporar\u0103.<\/p>\n<\/div><\/div>\n<\/div>\n\n<div class=\"et_pb_column_6 et_pb_column et-last-child et_flex_column et_pb_css_mix_blend_mode_passthrough et_flex_column_24_24 et_flex_column_24_24_tablet et_flex_column_24_24_phone\">\n<div class=\"et_pb_image_4 et_pb_image et_pb_module et_flex_module\"><span class=\"et_pb_image_wrap\"><img decoding=\"async\" src=\"https:\/\/peopledirekt.nl\/wp-content\/uploads\/2025\/10\/werving-icon.svg\" class=\"wp-image-237\" \/><\/span><\/div>\n\n<div class=\"et_pb_text_6 et_pb_text et_pb_bg_layout_light et_pb_module et_flex_module preset--module--divi-text--default\"><div class=\"et_pb_text_inner\"><h3>Recrutare \u0219i selec\u021bie<\/h3>\n<p>Noi recrut\u0103m \u0219i select\u0103m candida\u021bii potrivi\u021bi pentru compania dumneavoastr\u0103.<\/p>\n<\/div><\/div>\n<\/div>\n<\/div>\n<\/div>\n\n<div class=\"et_pb_section_2 et_pb_section et_section_regular et_flex_section preset--module--divi-section--default\">\n<div class=\"et_pb_row_3 et_pb_row et_flex_row preset--module--divi-row--default\">\n<div class=\"et_pb_column_7 et_pb_column et_flex_column et_pb_css_mix_blend_mode_passthrough et_flex_column_24_24 et_flex_column_24_24_tablet et_flex_column_24_24_phone\">\n<div class=\"et_pb_row_4 et_pb_row et_pb_row_nested et_flex_row et_clickable preset--module--divi-row--default\" data-interaction-trigger=\"7bejnnsam7\">\n<div class=\"et_pb_column_8 et_pb_column et-last-child et_flex_column et_pb_css_mix_blend_mode_passthrough et_flex_column_24_24 et_flex_column_24_24_tablet et_flex_column_24_24_phone\">\n<div class=\"et_pb_text_7 et_pb_text et_pb_bg_layout_light et_pb_module et_flex_module preset--module--divi-text--default\"><div class=\"et_pb_text_inner\"><h2>\u00cenregistra\u021bi-v\u0103 pentru <span class=\"rood\">clien\u021bi<\/span><\/h2>\n<\/div><\/div>\n\n<div class=\"et_pb_icon_0 et_pb_icon et-interaction-target-uy0p09gzbl et_pb_module et_flex_module inschrijf-pijl\" data-interaction-target=\"uy0p09gzbl\"><span class=\"et_pb_icon_wrap\"><span class=\"et-pb-icon\">$<\/span><\/span><\/div>\n<\/div>\n<\/div>\n\n<div class=\"et_pb_row_5 et_pb_row et_pb_row_nested et_flex_row et_clickable preset--module--divi-row--default\" data-interaction-trigger=\"6uwbdmafwv\">\n<div class=\"et_pb_column_9 et_pb_column et-last-child et_flex_column et_pb_css_mix_blend_mode_passthrough et_flex_column_24_24 et_flex_column_24_24_tablet et_flex_column_24_24_phone\">\n<div class=\"et_pb_text_8 et_pb_text et_pb_bg_layout_light et_pb_module et_flex_module preset--module--divi-text--default\"><div class=\"et_pb_text_inner\"><h2>\u00cenregistra\u021bi-v\u0103 pentru <span class=\"rood\">angaja\u021bi<\/span><\/h2>\n<\/div><\/div>\n\n<div class=\"et_pb_icon_1 et_pb_icon et-interaction-target-1bxsk7kcxz et_pb_module et_flex_module inschrijf-pijl\" data-interaction-target=\"1bxsk7kcxz\"><span class=\"et_pb_icon_wrap\"><span class=\"et-pb-icon\">$<\/span><\/span><\/div>\n<\/div>\n<\/div>\n<\/div>\n\n<div class=\"et_pb_column_10 et_pb_column et-last-child et_flex_column et_pb_css_mix_blend_mode_passthrough et_flex_column_24_24 et_flex_column_24_24_tablet et_flex_column_24_24_phone\">\n<div class=\"et_pb_image_5 et_pb_image et_pb_module et_flex_module\"><span class=\"et_pb_image_wrap\"><img decoding=\"async\" src=\"https:\/\/peopledirekt.nl\/wp-content\/uploads\/2025\/10\/inschrijven.webp\" width=\"1642\" height=\"1094\" srcset=\"https:\/\/peopledirekt.nl\/wp-content\/uploads\/2025\/10\/inschrijven.webp 1642w, https:\/\/peopledirekt.nl\/wp-content\/uploads\/2025\/10\/inschrijven-1280x853.webp 1280w, https:\/\/peopledirekt.nl\/wp-content\/uploads\/2025\/10\/inschrijven-980x653.webp 980w, https:\/\/peopledirekt.nl\/wp-content\/uploads\/2025\/10\/inschrijven-480x320.webp 480w\" sizes=\"(min-width: 0px) and (max-width: 480px) 480px, (min-width: 481px) and (max-width: 980px) 980px, (min-width: 981px) and (max-width: 1280px) 1280px, (min-width: 1281px) 1642px, 100vw\" class=\"wp-image-249\" \/><\/span><\/div>\n<\/div>\n<\/div>\n<\/div>\n\n<div class=\"et_pb_section_3 et_pb_section et_section_regular et_flex_section preset--module--divi-section--default\">\n<div class=\"et_pb_row_6 et_pb_row et_flex_row preset--module--divi-row--default\">\n<div class=\"et_pb_column_11 et_pb_column et_flex_column et_pb_css_mix_blend_mode_passthrough et_flex_column_24_24 et_flex_column_24_24_tablet et_flex_column_24_24_phone\">\n<div class=\"et_pb_image_6 et_pb_image et_pb_module et_flex_module\"><span class=\"et_pb_image_wrap\"><img decoding=\"async\" src=\"https:\/\/peopledirekt.nl\/wp-content\/uploads\/2025\/10\/over-ons.webp\" width=\"459\" height=\"700\" sizes=\"(max-width: 459px) 100vw, 459px\" class=\"wp-image-260\" \/><\/span><\/div>\n<\/div>\n\n<div class=\"et_pb_column_12 et_pb_column et-last-child et_flex_column et_pb_css_mix_blend_mode_passthrough et_flex_column_24_24 et_flex_column_24_24_tablet et_flex_column_24_24_phone\">\n<div class=\"et_pb_row_7 et_pb_row et_pb_row_nested et_flex_row preset--module--divi-row--default\">\n<div class=\"et_pb_column_13 et_pb_column et-last-child et_flex_column et_pb_css_mix_blend_mode_passthrough et_flex_column_24_24 et_flex_column_24_24_tablet et_flex_column_24_24_phone\">\n<div class=\"et_pb_text_9 et_pb_text et_pb_bg_layout_light et_pb_module et_flex_module preset--module--divi-text--default\"><div class=\"et_pb_text_inner\"><h2>PeopleDirekt - Partenerul dumneavoastr\u0103 \u00een domeniul personalului<\/h2>\n<\/div><\/div>\n\n<div class=\"et_pb_divider_2 et_pb_divider et_pb_space et_pb_divider_position_top et_pb_module\"><div class=\"et_pb_divider_internal\"><\/div><\/div>\n\n<div class=\"et_pb_text_10 et_pb_text et_pb_bg_layout_light et_pb_module et_flex_module preset--module--divi-text--default\"><div class=\"et_pb_text_inner\"><p>PeopleDirekt activeaz\u0103 \u00een domeniul angaj\u0103rii de personal, al recrut\u0103rii \u0219i selec\u021biei \u0219i al salariz\u0103rii din 2018. Ne ocup\u0103m de \u00eentregul proces, de la recrutare la implementare, astfel \u00eenc\u00e2t s\u0103 ave\u021bi \u00eentotdeauna oamenii potrivi\u021bi.<\/p>\n<\/div><\/div>\n\n<div class=\"et_pb_module et_pb_button_module_wrapper et_pb_button_1_wrapper preset--module--divi-button--default_wrapper\"><a class=\"et_pb_button_1 et_pb_button et_pb_bg_layout_light et_pb_module et_flex_module preset--module--divi-button--default\" href=\"https:\/\/peopledirekt.nl\/ro\/over-peopledirekt\/\" data-icon=\"$\">Mai multe despre noi<\/a><\/div>\n<\/div>\n<\/div>\n<\/div>\n<\/div>\n<\/div>\n\n<div class=\"et_pb_section_4 et_pb_section et_section_regular et_flex_section preset--module--divi-section--default\">\n<div class=\"et_pb_row_8 et_pb_row et_flex_row preset--module--divi-row--default\">\n<div class=\"et_pb_column_14 et_pb_column et_flex_column et_pb_css_mix_blend_mode_passthrough et_flex_column_24_24 et_flex_column_24_24_tablet et_flex_column_24_24_phone\">\n<div class=\"et_pb_text_11 et_pb_text et_pb_bg_layout_light et_pb_module et_flex_module preset--module--divi-text--default\"><div class=\"et_pb_text_inner\"><h2>Urm\u0103torul t\u0103u loc de munc\u0103 \u00eencepe aici<\/h2>\n<\/div><\/div>\n\n<div class=\"et_pb_divider_3 et_pb_divider et_pb_space et_pb_divider_position_top et_pb_module\"><div class=\"et_pb_divider_internal\"><\/div><\/div>\n\n<div class=\"et_pb_text_12 et_pb_text et_pb_bg_layout_light et_pb_module et_flex_module preset--module--divi-text--default\"><div class=\"et_pb_text_inner\"><p>PeopleDirekt activeaz\u0103 \u00een domeniul angaj\u0103rii de personal, al recrut\u0103rii \u0219i selec\u021biei \u0219i al pl\u0103\u021bii salariilor din 2018. V\u0103 sc\u0103p\u0103m de \u00eentregul proces - de la recrutare la angajare temporar\u0103 - astfel \u00eenc\u00e2t s\u0103 ave\u021bi \u00eentotdeauna oamenii potrivi\u021bi.<\/p>\n<\/div><\/div>\n\n<div class=\"et_pb_module et_pb_button_module_wrapper et_pb_button_2_wrapper preset--module--divi-button--default_wrapper\"><a class=\"et_pb_button_2 et_pb_button et_pb_bg_layout_light et_pb_module et_flex_module preset--module--divi-button--default\" href=\"https:\/\/peopledirekt.nl\/ro\/inschrijven\/\" data-icon=\"$\">Abonare<\/a><\/div>\n<\/div>\n\n<div class=\"et_pb_column_15 et_pb_column et-last-child et_flex_column et_pb_css_mix_blend_mode_passthrough et_flex_column_24_24 et_flex_column_24_24_tablet et_flex_column_24_24_phone\">\n<div class=\"et_pb_image_7 et_pb_image et_pb_module et_flex_module\"><span class=\"et_pb_image_wrap\"><img decoding=\"async\" src=\"https:\/\/peopledirekt.nl\/wp-content\/uploads\/2025\/10\/cta-woman.webp\" width=\"275\" height=\"410\" sizes=\"(max-width: 275px) 100vw, 275px\" class=\"wp-image-262\" \/><\/span><\/div>\n<\/div>\n<\/div>\n<\/div>","protected":false},"excerpt":{"rendered":"","protected":false},"author":1,"featured_media":0,"parent":0,"menu_order":0,"comment_status":"closed","ping_status":"closed","template":"","meta":{"_acf_changed":false,"footnotes":""},"class_list":["post-2","page","type-page","status-publish","hentry"],"acf":[],"yoast_head":"<!-- This site is optimized with the Yoast SEO plugin v26.9 - https:\/\/yoast.com\/product\/yoast-seo-wordpress\/ -->\n<title>PeopleDirekt<\/title>\n<meta name=\"description\" content=\"Ons uitzendbureau in het Westland verbindt gemotiveerde werknemers met betrouwbare werkgevers in de regio voor flexibele en vaste banen.\" \/>\n<meta name=\"robots\" content=\"index, follow, max-snippet:-1, max-image-preview:large, max-video-preview:-1\" \/>\n<link rel=\"canonical\" href=\"https:\/\/peopledirekt.nl\/ro\/\" \/>\n<meta property=\"og:locale\" content=\"ro_RO\" \/>\n<meta property=\"og:type\" content=\"article\" \/>\n<meta property=\"og:title\" content=\"PeopleDirekt\" \/>\n<meta property=\"og:description\" content=\"Ons uitzendbureau in het Westland verbindt gemotiveerde werknemers met betrouwbare werkgevers in de regio voor flexibele en vaste banen.\" \/>\n<meta property=\"og:url\" content=\"https:\/\/peopledirekt.nl\/ro\/\" \/>\n<meta property=\"og:site_name\" content=\"PeopleDirekt\" \/>\n<meta property=\"article:modified_time\" content=\"2025-10-30T14:59:07+00:00\" \/>\n<meta name=\"twitter:card\" content=\"summary_large_image\" \/>\n<script type=\"application\/ld+json\" class=\"yoast-schema-graph\">{\"@context\":\"https:\/\/schema.org\",\"@graph\":[{\"@type\":\"WebPage\",\"@id\":\"https:\/\/peopledirekt.nl\/\",\"url\":\"https:\/\/peopledirekt.nl\/\",\"name\":\"PeopleDirekt\",\"isPartOf\":{\"@id\":\"https:\/\/peopledirekt.nl\/#website\"},\"datePublished\":\"2025-05-16T11:09:47+00:00\",\"dateModified\":\"2025-10-30T14:59:07+00:00\",\"description\":\"Ons uitzendbureau in het Westland verbindt gemotiveerde werknemers met betrouwbare werkgevers in de regio voor flexibele en vaste banen.\",\"breadcrumb\":{\"@id\":\"https:\/\/peopledirekt.nl\/#breadcrumb\"},\"inLanguage\":\"ro-RO\",\"potentialAction\":[{\"@type\":\"ReadAction\",\"target\":[\"https:\/\/peopledirekt.nl\/\"]}]},{\"@type\":\"BreadcrumbList\",\"@id\":\"https:\/\/peopledirekt.nl\/#breadcrumb\",\"itemListElement\":[{\"@type\":\"ListItem\",\"position\":1,\"name\":\"Home\",\"item\":\"https:\/\/peopledirekt.nl\/\"},{\"@type\":\"ListItem\",\"position\":2,\"name\":\"Home\"}]},{\"@type\":\"WebSite\",\"@id\":\"https:\/\/peopledirekt.nl\/#website\",\"url\":\"https:\/\/peopledirekt.nl\/\",\"name\":\"PeopleDirekt\",\"description\":\"\",\"potentialAction\":[{\"@type\":\"SearchAction\",\"target\":{\"@type\":\"EntryPoint\",\"urlTemplate\":\"https:\/\/peopledirekt.nl\/?s={search_term_string}\"},\"query-input\":{\"@type\":\"PropertyValueSpecification\",\"valueRequired\":true,\"valueName\":\"search_term_string\"}}],\"inLanguage\":\"ro-RO\"}]}<\/script>\n<!-- \/ Yoast SEO plugin. -->","yoast_head_json":{"title":"PeopleDirekt","description":"Ons uitzendbureau in het Westland verbindt gemotiveerde werknemers met betrouwbare werkgevers in de regio voor flexibele en vaste banen.","robots":{"index":"index","follow":"follow","max-snippet":"max-snippet:-1","max-image-preview":"max-image-preview:large","max-video-preview":"max-video-preview:-1"},"canonical":"https:\/\/peopledirekt.nl\/ro\/","og_locale":"ro_RO","og_type":"article","og_title":"PeopleDirekt","og_description":"Ons uitzendbureau in het Westland verbindt gemotiveerde werknemers met betrouwbare werkgevers in de regio voor flexibele en vaste banen.","og_url":"https:\/\/peopledirekt.nl\/ro\/","og_site_name":"PeopleDirekt","article_modified_time":"2025-10-30T14:59:07+00:00","twitter_card":"summary_large_image","schema":{"@context":"https:\/\/schema.org","@graph":[{"@type":"WebPage","@id":"https:\/\/peopledirekt.nl\/","url":"https:\/\/peopledirekt.nl\/","name":"PeopleDirekt","isPartOf":{"@id":"https:\/\/peopledirekt.nl\/#website"},"datePublished":"2025-05-16T11:09:47+00:00","dateModified":"2025-10-30T14:59:07+00:00","description":"Ons uitzendbureau in het Westland verbindt gemotiveerde werknemers met betrouwbare werkgevers in de regio voor flexibele en vaste banen.","breadcrumb":{"@id":"https:\/\/peopledirekt.nl\/#breadcrumb"},"inLanguage":"ro-RO","potentialAction":[{"@type":"ReadAction","target":["https:\/\/peopledirekt.nl\/"]}]},{"@type":"BreadcrumbList","@id":"https:\/\/peopledirekt.nl\/#breadcrumb","itemListElement":[{"@type":"ListItem","position":1,"name":"Home","item":"https:\/\/peopledirekt.nl\/"},{"@type":"ListItem","position":2,"name":"Home"}]},{"@type":"WebSite","@id":"https:\/\/peopledirekt.nl\/#website","url":"https:\/\/peopledirekt.nl\/","name":"PeopleDirekt","description":"","potentialAction":[{"@type":"SearchAction","target":{"@type":"EntryPoint","urlTemplate":"https:\/\/peopledirekt.nl\/?s={search_term_string}"},"query-input":{"@type":"PropertyValueSpecification","valueRequired":true,"valueName":"search_term_string"}}],"inLanguage":"ro-RO"}]}},"_links":{"self":[{"href":"https:\/\/peopledirekt.nl\/ro\/wp-json\/wp\/v2\/pages\/2","targetHints":{"allow":["GET"]}}],"collection":[{"href":"https:\/\/peopledirekt.nl\/ro\/wp-json\/wp\/v2\/pages"}],"about":[{"href":"https:\/\/peopledirekt.nl\/ro\/wp-json\/wp\/v2\/types\/page"}],"author":[{"embeddable":true,"href":"https:\/\/peopledirekt.nl\/ro\/wp-json\/wp\/v2\/users\/1"}],"replies":[{"embeddable":true,"href":"https:\/\/peopledirekt.nl\/ro\/wp-json\/wp\/v2\/comments?post=2"}],"version-history":[{"count":131,"href":"https:\/\/peopledirekt.nl\/ro\/wp-json\/wp\/v2\/pages\/2\/revisions"}],"predecessor-version":[{"id":664,"href":"https:\/\/peopledirekt.nl\/ro\/wp-json\/wp\/v2\/pages\/2\/revisions\/664"}],"wp:attachment":[{"href":"https:\/\/peopledirekt.nl\/ro\/wp-json\/wp\/v2\/media?parent=2"}],"curies":[{"name":"wp","href":"https:\/\/api.w.org\/{rel}","templated":true}]}}