{"id":470,"date":"2025-10-20T09:31:33","date_gmt":"2025-10-20T07:31:33","guid":{"rendered":"https:\/\/peopledirekt.nl\/?page_id=470"},"modified":"2025-10-24T09:58:48","modified_gmt":"2025-10-24T07:58:48","slug":"interne-vacatures","status":"publish","type":"page","link":"https:\/\/peopledirekt.nl\/pl\/interne-vacatures\/","title":{"rendered":"Wewn\u0119trzne wakaty"},"content":{"rendered":"<div class=\"et_pb_section_0 et_pb_section et_section_regular et_flex_section preset--module--divi-section--default\">\r\n\r\n<div class=\"et_pb_row_0 et_pb_row et_flex_row preset--module--divi-row--default\">\r\n\r\n<div class=\"et_pb_column_0 et_pb_column et-last-child et_flex_column et_pb_css_mix_blend_mode_passthrough et_flex_column_24_24 et_flex_column_24_24_tablet et_flex_column_24_24_phone\">\r\n\r\n<div class=\"et_pb_text_0 et_pb_text et_pb_bg_layout_light et_pb_module et_flex_module preset--module--divi-text--default\"><div class=\"et_pb_text_inner\"><h1>Wewn\u0119trzne wakaty<\/h1>\n<\/div><\/div><\/div><\/div><\/div>\r\n\r\n<div class=\"et_pb_section_1 et_pb_section et_section_regular et_block_section preset--module--divi-section--default\">\r\n\r\n<div class=\"et_pb_row_1 et_pb_row et_flex_row preset--module--divi-row--default\"><div class=\"et_pb_column_1 et_pb_column et_flex_column et_pb_css_mix_blend_mode_passthrough et_clickable et_flex_column_24_24 et_flex_column_24_24_tablet et_flex_column_24_24_phone vacature\" data-loop-item=\"0\">\r\n\r\n<div class=\"et_pb_image_0 et_pb_image et_pb_module et_flex_module thumbnail\"><span class=\"et_pb_image_wrap\"><img decoding=\"async\" src=\"https:\/\/peopledirekt.nl\/wp-content\/uploads\/2025\/10\/104412.webp\" title=\"104412\" width=\"1750\" height=\"980\" srcset=\"https:\/\/peopledirekt.nl\/wp-content\/uploads\/2025\/10\/104412.webp 1750w, https:\/\/peopledirekt.nl\/wp-content\/uploads\/2025\/10\/104412-1280x717.webp 1280w, https:\/\/peopledirekt.nl\/wp-content\/uploads\/2025\/10\/104412-980x549.webp 980w, https:\/\/peopledirekt.nl\/wp-content\/uploads\/2025\/10\/104412-480x269.webp 480w\" sizes=\"(min-width: 0px) and (max-width: 480px) 480px, (min-width: 481px) and (max-width: 980px) 980px, (min-width: 981px) and (max-width: 1280px) 1280px, (min-width: 1281px) 1750px, 100vw\" class=\"wp-image-597\" \/><\/span><\/div>\r\n\r\n<div class=\"et_pb_blurb_0 et_pb_blurb et_pb_bg_layout_light et_pb_blurb_position_left et_pb_module et_flex_module preset--module--divi-blurb--default\"><div class=\"et_pb_blurb_content et_flex_module\"><div class=\"et_pb_main_blurb_image\"><span class=\"et_pb_image_wrap et_pb_only_image_mode_wrap\"><img decoding=\"async\" src=\"https:\/\/peopledirekt.nl\/wp-content\/uploads\/2025\/10\/tijd-icon.svg\" class=\"et-waypoint et_pb_animation_top et_pb_animation_top_tablet et_pb_animation_top_phone wp-image-511\" \/><\/span><\/div><div class=\"et_pb_blurb_container\"><h4 class=\"et_pb_module_header\">40 godzin<\/h4><\/div><\/div><\/div>\r\n\r\n<div class=\"et_pb_text_1 et_pb_text et_pb_bg_layout_light et_pb_module et_flex_module preset--module--divi-text--default\"><div class=\"et_pb_text_inner\"><p>Asystent administracyjny<\/p>\n<\/div><\/div>\r\n\r\n<div class=\"et_pb_text_2 et_pb_text et_pb_bg_layout_light et_pb_module et_flex_module preset--module--divi-text--default\"><div class=\"et_pb_text_inner\"><p>W PeopleDirekt ludzie s\u0105 kluczowi. Ka\u017cdego dnia \u0142\u0105czymy talenty z organizacjami, zaczynaj\u0105c od naszego zespo\u0142u. My [...]<\/p>\n<\/div><\/div><\/div><div class=\"et_pb_column_2 et_pb_column et_flex_column et_pb_css_mix_blend_mode_passthrough et_clickable et_flex_column_24_24 et_flex_column_24_24_tablet et_flex_column_24_24_phone vacature\" data-loop-item=\"1\">\r\n\r\n<div class=\"et_pb_image_1 et_pb_image et_pb_module et_flex_module thumbnail\"><span class=\"et_pb_image_wrap\"><img decoding=\"async\" src=\"https:\/\/peopledirekt.nl\/wp-content\/uploads\/2025\/10\/415619.webp\" title=\"415619\" width=\"1750\" height=\"923\" srcset=\"https:\/\/peopledirekt.nl\/wp-content\/uploads\/2025\/10\/415619.webp 1750w, https:\/\/peopledirekt.nl\/wp-content\/uploads\/2025\/10\/415619-1280x675.webp 1280w, https:\/\/peopledirekt.nl\/wp-content\/uploads\/2025\/10\/415619-980x517.webp 980w, https:\/\/peopledirekt.nl\/wp-content\/uploads\/2025\/10\/415619-480x253.webp 480w\" sizes=\"(min-width: 0px) and (max-width: 480px) 480px, (min-width: 481px) and (max-width: 980px) 980px, (min-width: 981px) and (max-width: 1280px) 1280px, (min-width: 1281px) 1750px, 100vw\" class=\"wp-image-598\" \/><\/span><\/div>\r\n\r\n<div class=\"et_pb_blurb_1 et_pb_blurb et_pb_bg_layout_light et_pb_blurb_position_left et_pb_module et_flex_module preset--module--divi-blurb--default\"><div class=\"et_pb_blurb_content et_flex_module\"><div class=\"et_pb_main_blurb_image\"><span class=\"et_pb_image_wrap et_pb_only_image_mode_wrap\"><img decoding=\"async\" src=\"https:\/\/peopledirekt.nl\/wp-content\/uploads\/2025\/10\/tijd-icon.svg\" class=\"et-waypoint et_pb_animation_top et_pb_animation_top_tablet et_pb_animation_top_phone wp-image-511\" \/><\/span><\/div><div class=\"et_pb_blurb_container\"><h4 class=\"et_pb_module_header\">40 godzin<\/h4><\/div><\/div><\/div>\r\n\r\n<div class=\"et_pb_text_3 et_pb_text et_pb_bg_layout_light et_pb_module et_flex_module preset--module--divi-text--default\"><div class=\"et_pb_text_inner\"><p>Przedstawiciel handlowy w terenie<\/p>\n<\/div><\/div>\r\n\r\n<div class=\"et_pb_text_4 et_pb_text et_pb_bg_layout_light et_pb_module et_flex_module preset--module--divi-text--default\"><div class=\"et_pb_text_inner\"><p>Pomaganie ludziom w znalezieniu odpowiedniej pracy zaczyna si\u0119 od ludzi, kt\u00f3rzy tu pracuj\u0105. W PeopleDirekt wierzymy, \u017ce [...]<\/p>\n<\/div><\/div><\/div><div class=\"et_pb_column_3 et_pb_column et_flex_column et_pb_css_mix_blend_mode_passthrough et_clickable et_flex_column_24_24 et_flex_column_24_24_tablet et_flex_column_24_24_phone vacature\" data-loop-item=\"2\">\r\n\r\n<div class=\"et_pb_image_2 et_pb_image et_pb_module et_flex_module thumbnail\"><span class=\"et_pb_image_wrap\"><img decoding=\"async\" src=\"https:\/\/peopledirekt.nl\/wp-content\/uploads\/2025\/10\/36283.webp\" title=\"36283\" width=\"1750\" height=\"1137\" srcset=\"https:\/\/peopledirekt.nl\/wp-content\/uploads\/2025\/10\/36283.webp 1750w, https:\/\/peopledirekt.nl\/wp-content\/uploads\/2025\/10\/36283-1280x832.webp 1280w, https:\/\/peopledirekt.nl\/wp-content\/uploads\/2025\/10\/36283-980x637.webp 980w, https:\/\/peopledirekt.nl\/wp-content\/uploads\/2025\/10\/36283-480x312.webp 480w\" sizes=\"(min-width: 0px) and (max-width: 480px) 480px, (min-width: 481px) and (max-width: 980px) 980px, (min-width: 981px) and (max-width: 1280px) 1280px, (min-width: 1281px) 1750px, 100vw\" class=\"wp-image-595\" \/><\/span><\/div>\r\n\r\n<div class=\"et_pb_blurb_2 et_pb_blurb et_pb_bg_layout_light et_pb_blurb_position_left et_pb_module et_flex_module preset--module--divi-blurb--default\"><div class=\"et_pb_blurb_content et_flex_module\"><div class=\"et_pb_main_blurb_image\"><span class=\"et_pb_image_wrap et_pb_only_image_mode_wrap\"><img decoding=\"async\" src=\"https:\/\/peopledirekt.nl\/wp-content\/uploads\/2025\/10\/tijd-icon.svg\" class=\"et-waypoint et_pb_animation_top et_pb_animation_top_tablet et_pb_animation_top_phone wp-image-511\" \/><\/span><\/div><div class=\"et_pb_blurb_container\"><h4 class=\"et_pb_module_header\">40 godzin<\/h4><\/div><\/div><\/div>\r\n\r\n<div class=\"et_pb_text_5 et_pb_text et_pb_bg_layout_light et_pb_module et_flex_module preset--module--divi-text--default\"><div class=\"et_pb_text_inner\"><p>Zarz\u0105dzanie flot\u0105<\/p>\n<\/div><\/div>\r\n\r\n<div class=\"et_pb_text_6 et_pb_text et_pb_bg_layout_light et_pb_module et_flex_module preset--module--divi-text--default\"><div class=\"et_pb_text_inner\"><p>PeopleDirekt stawia na ludzi i zaczyna si\u0119 to od naszych wsp\u00f3\u0142pracownik\u00f3w. Wsp\u00f3lnie zapewniamy, \u017ce talent i [...]<\/p>\n<\/div><\/div><\/div><div class=\"et_pb_column_4 et_pb_column et-last-child et_flex_column et_pb_css_mix_blend_mode_passthrough et_clickable et_flex_column_24_24 et_flex_column_24_24_tablet et_flex_column_24_24_phone vacature\" data-loop-item=\"3\">\r\n\r\n<div class=\"et_pb_image_3 et_pb_image et_pb_module et_flex_module thumbnail\"><span class=\"et_pb_image_wrap\"><img decoding=\"async\" src=\"https:\/\/peopledirekt.nl\/wp-content\/uploads\/2025\/10\/7115.webp\" title=\"7115\" width=\"1750\" height=\"980\" srcset=\"https:\/\/peopledirekt.nl\/wp-content\/uploads\/2025\/10\/7115.webp 1750w, https:\/\/peopledirekt.nl\/wp-content\/uploads\/2025\/10\/7115-1280x717.webp 1280w, https:\/\/peopledirekt.nl\/wp-content\/uploads\/2025\/10\/7115-980x549.webp 980w, https:\/\/peopledirekt.nl\/wp-content\/uploads\/2025\/10\/7115-480x269.webp 480w\" sizes=\"(min-width: 0px) and (max-width: 480px) 480px, (min-width: 481px) and (max-width: 980px) 980px, (min-width: 981px) and (max-width: 1280px) 1280px, (min-width: 1281px) 1750px, 100vw\" class=\"wp-image-594\" \/><\/span><\/div>\r\n\r\n<div class=\"et_pb_blurb_3 et_pb_blurb et_pb_bg_layout_light et_pb_blurb_position_left et_pb_module et_flex_module preset--module--divi-blurb--default\"><div class=\"et_pb_blurb_content et_flex_module\"><div class=\"et_pb_main_blurb_image\"><span class=\"et_pb_image_wrap et_pb_only_image_mode_wrap\"><img decoding=\"async\" src=\"https:\/\/peopledirekt.nl\/wp-content\/uploads\/2025\/10\/tijd-icon.svg\" class=\"et-waypoint et_pb_animation_top et_pb_animation_top_tablet et_pb_animation_top_phone wp-image-511\" \/><\/span><\/div><div class=\"et_pb_blurb_container\"><h4 class=\"et_pb_module_header\">40 godzin<\/h4><\/div><\/div><\/div>\r\n\r\n<div class=\"et_pb_text_7 et_pb_text et_pb_bg_layout_light et_pb_module et_flex_module preset--module--divi-text--default\"><div class=\"et_pb_text_inner\"><p>Pracownik odpowiedzialny za planowanie<\/p>\n<\/div><\/div>\r\n\r\n<div class=\"et_pb_text_8 et_pb_text et_pb_bg_layout_light et_pb_module et_flex_module preset--module--divi-text--default\"><div class=\"et_pb_text_inner\"><p>W PeopleDirekt chodzi przede wszystkim o ludzi. Ka\u017cdego dnia anga\u017cujemy si\u0119 w zbli\u017canie talent\u00f3w i organizacji [...]<\/p>\n<\/div><\/div><\/div><\/div><\/div>","protected":false},"excerpt":{"rendered":"","protected":false},"author":1,"featured_media":0,"parent":0,"menu_order":0,"comment_status":"closed","ping_status":"closed","template":"","meta":{"_acf_changed":false,"footnotes":""},"class_list":["post-470","page","type-page","status-publish","hentry"],"acf":[],"yoast_head":"<!-- This site is optimized with the Yoast SEO plugin v26.9 - https:\/\/yoast.com\/product\/yoast-seo-wordpress\/ -->\n<title>Interne vacatures | PeopleDirekt<\/title>\n<meta name=\"description\" content=\"Word onderdeel van ons team! Bekijk de interne vacatures van ons uitzendbureau in het Westland en bouw mee aan groei en succes.\" \/>\n<meta name=\"robots\" content=\"index, follow, max-snippet:-1, max-image-preview:large, max-video-preview:-1\" \/>\n<link rel=\"canonical\" href=\"https:\/\/peopledirekt.nl\/pl\/interne-vacatures\/\" \/>\n<meta property=\"og:locale\" content=\"pl_PL\" \/>\n<meta property=\"og:type\" content=\"article\" \/>\n<meta property=\"og:title\" content=\"Interne vacatures | PeopleDirekt\" \/>\n<meta property=\"og:description\" content=\"Word onderdeel van ons team! Bekijk de interne vacatures van ons uitzendbureau in het Westland en bouw mee aan groei en succes.\" \/>\n<meta property=\"og:url\" content=\"https:\/\/peopledirekt.nl\/pl\/interne-vacatures\/\" \/>\n<meta property=\"og:site_name\" content=\"PeopleDirekt\" \/>\n<meta property=\"article:modified_time\" content=\"2025-10-24T07:58:48+00:00\" \/>\n<meta name=\"twitter:card\" content=\"summary_large_image\" \/>\n<script type=\"application\/ld+json\" class=\"yoast-schema-graph\">{\"@context\":\"https:\/\/schema.org\",\"@graph\":[{\"@type\":\"WebPage\",\"@id\":\"https:\/\/peopledirekt.nl\/interne-vacatures\/\",\"url\":\"https:\/\/peopledirekt.nl\/interne-vacatures\/\",\"name\":\"Interne vacatures | PeopleDirekt\",\"isPartOf\":{\"@id\":\"https:\/\/peopledirekt.nl\/#website\"},\"datePublished\":\"2025-10-20T07:31:33+00:00\",\"dateModified\":\"2025-10-24T07:58:48+00:00\",\"description\":\"Word onderdeel van ons team! Bekijk de interne vacatures van ons uitzendbureau in het Westland en bouw mee aan groei en succes.\",\"breadcrumb\":{\"@id\":\"https:\/\/peopledirekt.nl\/interne-vacatures\/#breadcrumb\"},\"inLanguage\":\"pl-PL\",\"potentialAction\":[{\"@type\":\"ReadAction\",\"target\":[\"https:\/\/peopledirekt.nl\/interne-vacatures\/\"]}]},{\"@type\":\"BreadcrumbList\",\"@id\":\"https:\/\/peopledirekt.nl\/interne-vacatures\/#breadcrumb\",\"itemListElement\":[{\"@type\":\"ListItem\",\"position\":1,\"name\":\"Home\",\"item\":\"https:\/\/peopledirekt.nl\/\"},{\"@type\":\"ListItem\",\"position\":2,\"name\":\"Interne vacatures\"}]},{\"@type\":\"WebSite\",\"@id\":\"https:\/\/peopledirekt.nl\/#website\",\"url\":\"https:\/\/peopledirekt.nl\/\",\"name\":\"PeopleDirekt\",\"description\":\"\",\"potentialAction\":[{\"@type\":\"SearchAction\",\"target\":{\"@type\":\"EntryPoint\",\"urlTemplate\":\"https:\/\/peopledirekt.nl\/?s={search_term_string}\"},\"query-input\":{\"@type\":\"PropertyValueSpecification\",\"valueRequired\":true,\"valueName\":\"search_term_string\"}}],\"inLanguage\":\"pl-PL\"}]}<\/script>\n<!-- \/ Yoast SEO plugin. -->","yoast_head_json":{"title":"Interne vacatures | PeopleDirekt","description":"Word onderdeel van ons team! Bekijk de interne vacatures van ons uitzendbureau in het Westland en bouw mee aan groei en succes.","robots":{"index":"index","follow":"follow","max-snippet":"max-snippet:-1","max-image-preview":"max-image-preview:large","max-video-preview":"max-video-preview:-1"},"canonical":"https:\/\/peopledirekt.nl\/pl\/interne-vacatures\/","og_locale":"pl_PL","og_type":"article","og_title":"Interne vacatures | PeopleDirekt","og_description":"Word onderdeel van ons team! Bekijk de interne vacatures van ons uitzendbureau in het Westland en bouw mee aan groei en succes.","og_url":"https:\/\/peopledirekt.nl\/pl\/interne-vacatures\/","og_site_name":"PeopleDirekt","article_modified_time":"2025-10-24T07:58:48+00:00","twitter_card":"summary_large_image","schema":{"@context":"https:\/\/schema.org","@graph":[{"@type":"WebPage","@id":"https:\/\/peopledirekt.nl\/interne-vacatures\/","url":"https:\/\/peopledirekt.nl\/interne-vacatures\/","name":"Interne vacatures | PeopleDirekt","isPartOf":{"@id":"https:\/\/peopledirekt.nl\/#website"},"datePublished":"2025-10-20T07:31:33+00:00","dateModified":"2025-10-24T07:58:48+00:00","description":"Word onderdeel van ons team! Bekijk de interne vacatures van ons uitzendbureau in het Westland en bouw mee aan groei en succes.","breadcrumb":{"@id":"https:\/\/peopledirekt.nl\/interne-vacatures\/#breadcrumb"},"inLanguage":"pl-PL","potentialAction":[{"@type":"ReadAction","target":["https:\/\/peopledirekt.nl\/interne-vacatures\/"]}]},{"@type":"BreadcrumbList","@id":"https:\/\/peopledirekt.nl\/interne-vacatures\/#breadcrumb","itemListElement":[{"@type":"ListItem","position":1,"name":"Home","item":"https:\/\/peopledirekt.nl\/"},{"@type":"ListItem","position":2,"name":"Interne vacatures"}]},{"@type":"WebSite","@id":"https:\/\/peopledirekt.nl\/#website","url":"https:\/\/peopledirekt.nl\/","name":"PeopleDirekt","description":"","potentialAction":[{"@type":"SearchAction","target":{"@type":"EntryPoint","urlTemplate":"https:\/\/peopledirekt.nl\/?s={search_term_string}"},"query-input":{"@type":"PropertyValueSpecification","valueRequired":true,"valueName":"search_term_string"}}],"inLanguage":"pl-PL"}]}},"_links":{"self":[{"href":"https:\/\/peopledirekt.nl\/pl\/wp-json\/wp\/v2\/pages\/470","targetHints":{"allow":["GET"]}}],"collection":[{"href":"https:\/\/peopledirekt.nl\/pl\/wp-json\/wp\/v2\/pages"}],"about":[{"href":"https:\/\/peopledirekt.nl\/pl\/wp-json\/wp\/v2\/types\/page"}],"author":[{"embeddable":true,"href":"https:\/\/peopledirekt.nl\/pl\/wp-json\/wp\/v2\/users\/1"}],"replies":[{"embeddable":true,"href":"https:\/\/peopledirekt.nl\/pl\/wp-json\/wp\/v2\/comments?post=470"}],"version-history":[{"count":36,"href":"https:\/\/peopledirekt.nl\/pl\/wp-json\/wp\/v2\/pages\/470\/revisions"}],"predecessor-version":[{"id":626,"href":"https:\/\/peopledirekt.nl\/pl\/wp-json\/wp\/v2\/pages\/470\/revisions\/626"}],"wp:attachment":[{"href":"https:\/\/peopledirekt.nl\/pl\/wp-json\/wp\/v2\/media?parent=470"}],"curies":[{"name":"wp","href":"https:\/\/api.w.org\/{rel}","templated":true}]}}