{"id":430,"date":"2025-10-17T15:10:33","date_gmt":"2025-10-17T13:10:33","guid":{"rendered":"https:\/\/peopledirekt.nl\/?page_id=430"},"modified":"2025-10-24T10:32:51","modified_gmt":"2025-10-24T08:32:51","slug":"over-peopledirekt","status":"publish","type":"page","link":"https:\/\/peopledirekt.nl\/pl\/over-peopledirekt\/","title":{"rendered":"O nas"},"content":{"rendered":"<div class=\"et_pb_section_0 et_pb_section et_section_regular et_block_section preset--module--divi-section--default\">\n<div class=\"et_pb_row_0 et_pb_row et_flex_row preset--module--divi-row--default\">\n<div class=\"et_pb_column_0 et_pb_column et_flex_column et_pb_css_mix_blend_mode_passthrough et_flex_column_24_24 et_flex_column_24_24_tablet et_flex_column_24_24_phone\">\n<div class=\"et_pb_text_0 et_pb_text et_pb_bg_layout_light et_pb_module et_flex_module preset--module--divi-text--default\"><div class=\"et_pb_text_inner\"><h1>Twoja praca. Nasza misja.<\/h1>\n<\/div><\/div>\n\n<div class=\"et_pb_divider_0 et_pb_divider et_pb_space et_pb_divider_position_top et_pb_module\"><div class=\"et_pb_divider_internal\"><\/div><\/div>\n\n<div class=\"et_pb_text_1 et_pb_text et_pb_bg_layout_light et_pb_module et_flex_module preset--module--divi-text--default\"><div class=\"et_pb_text_inner\"><p>W PeopleDirekt wszystko kr\u0119ci si\u0119 wok\u00f3\u0142 jednego celu: odpowiedni ludzie na odpowiednim miejscu.\nOd 2018 roku \u0142\u0105czymy zmotywowanych kandydat\u00f3w z rzetelnymi pracodawcami w bran\u017cach takich jak przemys\u0142 szklarniowy, ziele\u0144 miejska i terenowa, logistyka, produkcja i budownictwo.\nDzia\u0142amy zawsze szybko, osobi\u015bcie i z dba\u0142o\u015bci\u0105 o jako\u015b\u0107.<\/p>\n<\/div><\/div>\n\n<div class=\"et_pb_module et_pb_button_module_wrapper et_pb_button_0_wrapper preset--module--divi-button--default_wrapper\"><a class=\"et_pb_button_0 et_pb_button et_pb_bg_layout_light et_pb_module et_flex_module preset--module--divi-button--default\" href=\"https:\/\/peopledirekt.nl\/pl\/inschrijven\/\" data-icon=\"$\">Zarejestruj si\u0119<\/a><\/div>\n<\/div>\n\n<div class=\"et_pb_column_1 et_pb_column et-last-child et_flex_column et_pb_css_mix_blend_mode_passthrough et_flex_column_24_24 et_flex_column_24_24_tablet et_flex_column_24_24_phone\">\n<div class=\"et_pb_image_0 et_pb_image et_pb_module et_flex_module\"><span class=\"et_pb_image_wrap\"><img decoding=\"async\" src=\"https:\/\/peopledirekt.nl\/wp-content\/uploads\/2025\/10\/young-entrepreneurs-discussing-something-with-smile-conference-indoor-portrait-international-employees-sitting-office-with-laptops-talking-about-work.webp\" width=\"1749\" height=\"1166\" srcset=\"https:\/\/peopledirekt.nl\/wp-content\/uploads\/2025\/10\/young-entrepreneurs-discussing-something-with-smile-conference-indoor-portrait-international-employees-sitting-office-with-laptops-talking-about-work.webp 1749w, https:\/\/peopledirekt.nl\/wp-content\/uploads\/2025\/10\/young-entrepreneurs-discussing-something-with-smile-conference-indoor-portrait-international-employees-sitting-office-with-laptops-talking-about-work-1280x853.webp 1280w, https:\/\/peopledirekt.nl\/wp-content\/uploads\/2025\/10\/young-entrepreneurs-discussing-something-with-smile-conference-indoor-portrait-international-employees-sitting-office-with-laptops-talking-about-work-980x653.webp 980w, https:\/\/peopledirekt.nl\/wp-content\/uploads\/2025\/10\/young-entrepreneurs-discussing-something-with-smile-conference-indoor-portrait-international-employees-sitting-office-with-laptops-talking-about-work-480x320.webp 480w\" sizes=\"(min-width: 0px) and (max-width: 480px) 480px, (min-width: 481px) and (max-width: 980px) 980px, (min-width: 981px) and (max-width: 1280px) 1280px, (min-width: 1281px) 1749px, 100vw\" class=\"wp-image-437\" \/><\/span><\/div>\n<\/div>\n<\/div>\n<\/div>\n\n<div class=\"et_pb_section_1 et_pb_section et_section_regular et_flex_section preset--module--divi-section--default\">\n<div class=\"et_pb_row_1 et_pb_row et_flex_row preset--module--divi-row--default\">\n<div class=\"et_pb_column_2 et_pb_column et_flex_column et_pb_css_mix_blend_mode_passthrough et_flex_column_24_24 et_flex_column_24_24_tablet et_flex_column_24_24_phone\">\n<div class=\"et_pb_text_2 et_pb_text et_pb_bg_layout_light et_pb_module et_flex_module preset--module--divi-text--default\"><div class=\"et_pb_text_inner\"><h2><b>Dlaczego powsta\u0142o PeopleDirekt<\/b><\/h2>\n<\/div><\/div>\n\n<div class=\"et_pb_divider_1 et_pb_divider et_pb_space et_pb_divider_position_top et_pb_module\"><div class=\"et_pb_divider_internal\"><\/div><\/div>\n\n<div class=\"et_pb_text_3 et_pb_text et_pb_bg_layout_light et_pb_module et_flex_module preset--module--divi-text--default\"><div class=\"et_pb_text_inner\"><p class=\"p1\">W PeopleDirekt stawiamy na prostot\u0119.\nPracujemy w oparciu o jasne zasady, kr\u00f3tkie \u015bcie\u017cki komunikacji i osobisty kontakt.\nNaszym celem jest stworzenie idealnego dopasowania mi\u0119dzy osobami szukaj\u0105cymi pracy a firmami.\nNiezale\u017cnie od tego, czy szukasz nowego wyzwania, czy wzmocnienia dla swojego zespo\u0142u \u2014 dbamy o to, aby wszystko przebiega\u0142o szybko, sprawnie i bezproblemowo.<\/p>\n<\/div><\/div>\n<\/div>\n\n<div class=\"et_pb_column_3 et_pb_column et-last-child et_flex_column et_pb_css_mix_blend_mode_passthrough et_flex_column_24_24 et_flex_column_24_24_tablet et_flex_column_24_24_phone\">\n<div class=\"et_pb_divider_2 et_pb_divider_hidden et_pb_space et_pb_divider_position_top et_pb_module\"><div class=\"et_pb_divider_internal\"><\/div><\/div>\n<\/div>\n<\/div>\n<\/div>\n\n<div class=\"et_pb_section_2 et_pb_section et_section_regular et_flex_section preset--module--divi-section--default\">\n<div class=\"et_pb_row_2 et_pb_row et_flex_row preset--module--divi-row--default\">\n<div class=\"et_pb_column_4 et_pb_column et-last-child et_flex_column et_pb_css_mix_blend_mode_passthrough et_flex_column_24_24 et_flex_column_24_24_tablet et_flex_column_24_24_phone\">\n<div class=\"et_pb_text_4 et_pb_text et_pb_bg_layout_light et_pb_module et_flex_module preset--module--divi-text--default\"><div class=\"et_pb_text_inner\"><h2>Nasze warto\u015bci<\/h2>\n<\/div><\/div>\n\n<div class=\"et_pb_divider_3 et_pb_divider et_pb_space et_pb_divider_position_top et_pb_module\"><div class=\"et_pb_divider_internal\"><\/div><\/div>\n<\/div>\n<\/div>\n\n<div class=\"et_pb_row_3 et_pb_row et_flex_row preset--module--divi-row--default\">\n<div class=\"et_pb_column_5 et_pb_column et_flex_column et_pb_css_mix_blend_mode_passthrough et_flex_column_24_24 et_flex_column_24_24_tablet et_flex_column_24_24_phone\">\n<div class=\"et_pb_image_1 et_pb_image et_pb_module et_flex_module\"><span class=\"et_pb_image_wrap\"><img decoding=\"async\" src=\"https:\/\/peopledirekt.nl\/wp-content\/uploads\/2025\/10\/personal-icon.svg\" class=\"wp-image-445\" \/><\/span><\/div>\n\n<div class=\"et_pb_text_5 et_pb_text et_pb_bg_layout_light et_pb_module et_flex_module preset--module--divi-text--default\"><div class=\"et_pb_text_inner\"><h3>Osobiste podej\u015bcie<\/h3>\n<p>Poznajemy Ci\u0119 naprawd\u0119, aby dok\u0142adnie wiedzie\u0107, czego szukasz.<\/p>\n<\/div><\/div>\n<\/div>\n\n<div class=\"et_pb_column_6 et_pb_column et_flex_column et_pb_css_mix_blend_mode_passthrough et_flex_column_24_24 et_flex_column_24_24_tablet et_flex_column_24_24_phone\">\n<div class=\"et_pb_image_2 et_pb_image et_pb_module et_flex_module\"><span class=\"et_pb_image_wrap\"><img decoding=\"async\" src=\"https:\/\/peopledirekt.nl\/wp-content\/uploads\/2025\/10\/trust-icon.svg\" class=\"wp-image-446\" \/><\/span><\/div>\n\n<div class=\"et_pb_text_6 et_pb_text et_pb_bg_layout_light et_pb_module et_flex_module preset--module--divi-text--default\"><div class=\"et_pb_text_inner\"><h3>Rzetelno\u015b\u0107<\/h3>\n<p>Robimy to, co obiecujemy, i dotrzymujemy naszych ustale\u0144.<\/p>\n<\/div><\/div>\n<\/div>\n\n<div class=\"et_pb_column_7 et_pb_column et_flex_column et_pb_css_mix_blend_mode_passthrough et_flex_column_24_24 et_flex_column_24_24_tablet et_flex_column_24_24_phone\">\n<div class=\"et_pb_image_3 et_pb_image et_pb_module et_flex_module\"><span class=\"et_pb_image_wrap\"><img decoding=\"async\" src=\"https:\/\/peopledirekt.nl\/wp-content\/uploads\/2025\/10\/fast-icon.svg\" class=\"wp-image-447\" \/><\/span><\/div>\n\n<div class=\"et_pb_text_7 et_pb_text et_pb_bg_layout_light et_pb_module et_flex_module preset--module--divi-text--default\"><div class=\"et_pb_text_inner\"><h3>Szybko\u015b\u0107 dzia\u0142ania<\/h3>\n<p>Dzia\u0142amy od razu i zapewniamy szybkie rezultaty.<\/p>\n<\/div><\/div>\n<\/div>\n\n<div class=\"et_pb_column_8 et_pb_column et-last-child et_flex_column et_pb_css_mix_blend_mode_passthrough et_flex_column_24_24 et_flex_column_24_24_tablet et_flex_column_24_24_phone\">\n<div class=\"et_pb_image_4 et_pb_image et_pb_module et_flex_module\"><span class=\"et_pb_image_wrap\"><img decoding=\"async\" src=\"https:\/\/peopledirekt.nl\/wp-content\/uploads\/2025\/10\/transparantie-icon.svg\" class=\"wp-image-448\" \/><\/span><\/div>\n\n<div class=\"et_pb_text_8 et_pb_text et_pb_bg_layout_light et_pb_module et_flex_module preset--module--divi-text--default\"><div class=\"et_pb_text_inner\"><h3>Przejrzysto\u015b\u0107<\/h3>\n<p>Zawsze wiesz, czego mo\u017cesz si\u0119 spodziewa\u0107 \u2013 bez ukrytych warunk\u00f3w.<\/p>\n<\/div><\/div>\n<\/div>\n<\/div>\n<\/div>\n\n<div class=\"et_pb_section_3 et_pb_section et_section_regular et_flex_section preset--module--divi-section--default\">\n<div class=\"et_pb_row_4 et_pb_row et_flex_row preset--module--divi-row--default\">\n<div class=\"et_pb_column_9 et_pb_column et_flex_column et_pb_css_mix_blend_mode_passthrough et_flex_column_24_24 et_flex_column_24_24_tablet et_flex_column_24_24_phone\">\n<div class=\"et_pb_image_5 et_pb_image et_pb_module et_flex_module\"><span class=\"et_pb_image_wrap\"><img decoding=\"async\" src=\"https:\/\/peopledirekt.nl\/wp-content\/uploads\/2025\/10\/22360.webp\" width=\"1750\" height=\"1166\" srcset=\"https:\/\/peopledirekt.nl\/wp-content\/uploads\/2025\/10\/22360.webp 1750w, https:\/\/peopledirekt.nl\/wp-content\/uploads\/2025\/10\/22360-1280x853.webp 1280w, https:\/\/peopledirekt.nl\/wp-content\/uploads\/2025\/10\/22360-980x653.webp 980w, https:\/\/peopledirekt.nl\/wp-content\/uploads\/2025\/10\/22360-480x320.webp 480w\" sizes=\"(min-width: 0px) and (max-width: 480px) 480px, (min-width: 481px) and (max-width: 980px) 980px, (min-width: 981px) and (max-width: 1280px) 1280px, (min-width: 1281px) 1750px, 100vw\" class=\"wp-image-441\" \/><\/span><\/div>\n\n<div class=\"et_pb_text_9 et_pb_text et_pb_bg_layout_light et_pb_module et_flex_module preset--module--divi-text--default\"><div class=\"et_pb_text_inner\"><h2>Co nas wyr\u00f3\u017cnia<\/h2>\n<\/div><\/div>\n\n<div class=\"et_pb_divider_4 et_pb_divider et_pb_space et_pb_divider_position_top et_pb_module\"><div class=\"et_pb_divider_internal\"><\/div><\/div>\n\n<div class=\"et_pb_text_10 et_pb_text et_pb_bg_layout_light et_pb_module et_flex_module preset--module--divi-text--default\"><div class=\"et_pb_text_inner\"><p class=\"p1\">Jest wiele agencji pracy tymczasowej, ale tylko jedna jest taka jak PeopleDirekt. Wierzymy, \u017ce dobra wsp\u00f3\u0142praca zaczyna si\u0119 od naprawd\u0119 uwa\u017cnego s\u0142uchania. Po\u015bwi\u0119camy czas, aby zrozumie\u0107 Twoje potrzeby, cele i wyzwania. Dzi\u0119ki temu mo\u017cemy precyzyjnie dopasowa\u0107 kandydat\u00f3w lub oferty pracy, kt\u00f3re naprawd\u0119 pasuj\u0105.<\/p>\n<p class=\"p1\">Dodatkowo proponujemy elastyczne rozwi\u0105zania i pozostajemy zaanga\u017cowani tak\u017ce po dokonaniu dopasowania. Nasi klienci nazywaj\u0105 nas nie bez powodu swoim sta\u0142ym partnerem w kwestiach kadrowych.<\/p>\n<\/div><\/div>\n<\/div>\n\n<div class=\"et_pb_column_10 et_pb_column et-last-child et_flex_column et_pb_css_mix_blend_mode_passthrough et_flex_column_24_24 et_flex_column_24_24_tablet et_flex_column_24_24_phone\">\n<div class=\"et_pb_image_6 et_pb_image et_pb_module et_flex_module\"><span class=\"et_pb_image_wrap\"><img decoding=\"async\" src=\"https:\/\/peopledirekt.nl\/wp-content\/uploads\/2025\/10\/3710.webp\" width=\"1750\" height=\"1166\" srcset=\"https:\/\/peopledirekt.nl\/wp-content\/uploads\/2025\/10\/3710.webp 1750w, https:\/\/peopledirekt.nl\/wp-content\/uploads\/2025\/10\/3710-1280x853.webp 1280w, https:\/\/peopledirekt.nl\/wp-content\/uploads\/2025\/10\/3710-980x653.webp 980w, https:\/\/peopledirekt.nl\/wp-content\/uploads\/2025\/10\/3710-480x320.webp 480w\" sizes=\"(min-width: 0px) and (max-width: 480px) 480px, (min-width: 481px) and (max-width: 980px) 980px, (min-width: 981px) and (max-width: 1280px) 1280px, (min-width: 1281px) 1750px, 100vw\" class=\"wp-image-442\" \/><\/span><\/div>\n\n<div class=\"et_pb_text_11 et_pb_text et_pb_bg_layout_light et_pb_module et_flex_module preset--module--divi-text--default\"><div class=\"et_pb_text_inner\"><h2>Nasz zesp\u00f3\u0142<\/h2>\n<\/div><\/div>\n\n<div class=\"et_pb_divider_5 et_pb_divider et_pb_space et_pb_divider_position_top et_pb_module\"><div class=\"et_pb_divider_internal\"><\/div><\/div>\n\n<div class=\"et_pb_text_12 et_pb_text et_pb_bg_layout_light et_pb_module et_flex_module preset--module--divi-text--default\"><div class=\"et_pb_text_inner\"><p class=\"p1\">Nasz zesp\u00f3\u0142 sk\u0142ada si\u0119 z do\u015bwiadczonych rekruter\u00f3w i po\u015brednik\u00f3w, kt\u00f3rzy znaj\u0105 si\u0119 na swoim fachu. Jeste\u015bmy wystarczaj\u0105co mali, aby zna\u0107 ka\u017cdego osobi\u015bcie, i wystarczaj\u0105co duzi, aby dzia\u0142a\u0107 szybko. \u0141\u0105czy nas wsp\u00f3lne przekonanie: praca to co\u015b wi\u0119cej ni\u017c miejsce, w kt\u00f3rym zarabia si\u0119 pieni\u0105dze. To szansa na rozw\u00f3j, stawianie nowych krok\u00f3w i satysfakcj\u0119 po powrocie do domu.<\/p>\n<\/div><\/div>\n<\/div>\n<\/div>\n<\/div>\n\n<div class=\"et_pb_section_4 et_pb_section et_section_regular et_flex_section preset--module--divi-section--default\">\n<div class=\"et_pb_row_5 et_pb_row et_flex_row preset--module--divi-row--default\">\n<div class=\"et_pb_column_11 et_pb_column et_flex_column et_pb_css_mix_blend_mode_passthrough et_flex_column_24_24 et_flex_column_24_24_tablet et_flex_column_24_24_phone\">\n<div class=\"et_pb_row_6 et_pb_row et_pb_row_nested et_flex_row preset--module--divi-row--default\">\n<div class=\"et_pb_column_12 et_pb_column et-last-child et_flex_column et_pb_css_mix_blend_mode_passthrough et_flex_column_24_24 et_flex_column_24_24_tablet et_flex_column_24_24_phone\">\n<div class=\"et_pb_image_7 et_pb_image et_pb_module et_flex_module\"><span class=\"et_pb_image_wrap\"><img decoding=\"async\" src=\"https:\/\/peopledirekt.nl\/wp-content\/uploads\/2025\/10\/20415.webp\" width=\"1750\" height=\"1166\" srcset=\"https:\/\/peopledirekt.nl\/wp-content\/uploads\/2025\/10\/20415.webp 1750w, https:\/\/peopledirekt.nl\/wp-content\/uploads\/2025\/10\/20415-1280x853.webp 1280w, https:\/\/peopledirekt.nl\/wp-content\/uploads\/2025\/10\/20415-980x653.webp 980w, https:\/\/peopledirekt.nl\/wp-content\/uploads\/2025\/10\/20415-480x320.webp 480w\" sizes=\"(min-width: 0px) and (max-width: 480px) 480px, (min-width: 481px) and (max-width: 980px) 980px, (min-width: 981px) and (max-width: 1280px) 1280px, (min-width: 1281px) 1750px, 100vw\" class=\"wp-image-425\" \/><\/span><\/div>\n<\/div>\n<\/div>\n<\/div>\n\n<div class=\"et_pb_column_13 et_pb_column et-last-child et_flex_column et_pb_css_mix_blend_mode_passthrough et_flex_column_24_24 et_flex_column_24_24_tablet et_flex_column_24_24_phone\">\n<div class=\"et_pb_row_7 et_pb_row et_pb_row_nested et_flex_row preset--module--divi-row--default\">\n<div class=\"et_pb_column_14 et_pb_column et_flex_column et_pb_css_mix_blend_mode_passthrough et_flex_column_24_24 et_flex_column_24_24_tablet et_flex_column_24_24_phone\">\n<div class=\"et_pb_blurb_0 et_pb_blurb et_pb_bg_layout_light et_pb_blurb_position_left et_pb_module et_flex_module preset--module--divi-blurb--default\"><div class=\"et_pb_blurb_content et_flex_module\"><div class=\"et_pb_main_blurb_image\"><span class=\"et_pb_image_wrap\"><span class=\"et-pb-icon et-waypoint et_pb_animation_top et_pb_animation_top_tablet et_pb_animation_top_phone\">N<\/span><\/span><\/div><div class=\"et_pb_blurb_container\"><h4 class=\"et_pb_module_header\">Rzetelna wsp\u00f3\u0142praca <\/h4><div class=\"et_pb_blurb_description\"><p>Dotrzymujemy ustale\u0144 i zapewniamy wysok\u0105 jako\u015b\u0107 us\u0142ug.<\/p>\n<\/div><\/div><\/div><\/div>\n<\/div>\n\n<div class=\"et_pb_column_15 et_pb_column et-last-child et_flex_column et_pb_css_mix_blend_mode_passthrough et_flex_column_24_24 et_flex_column_24_24_tablet et_flex_column_24_24_phone\">\n<div class=\"et_pb_blurb_1 et_pb_blurb et_pb_bg_layout_light et_pb_blurb_position_left et_pb_module et_flex_module preset--module--divi-blurb--default\"><div class=\"et_pb_blurb_content et_flex_module\"><div class=\"et_pb_main_blurb_image\"><span class=\"et_pb_image_wrap\"><span class=\"et-pb-icon et-waypoint et_pb_animation_top et_pb_animation_top_tablet et_pb_animation_top_phone\">N<\/span><\/span><\/div><div class=\"et_pb_blurb_container\"><h4 class=\"et_pb_module_header\">Szybkie reakcje<\/h4><div class=\"et_pb_blurb_description\"><p class=\"p1\">Otrzymasz szybkie informacje i dzia\u0142amy bez zw\u0142oki.<\/p>\n<\/div><\/div><\/div><\/div>\n<\/div>\n<\/div>\n\n<div class=\"et_pb_row_8 et_pb_row et_pb_row_nested et_flex_row preset--module--divi-row--default\">\n<div class=\"et_pb_column_16 et_pb_column et_flex_column et_pb_css_mix_blend_mode_passthrough et_flex_column_24_24 et_flex_column_24_24_tablet et_flex_column_24_24_phone\">\n<div class=\"et_pb_blurb_2 et_pb_blurb et_pb_bg_layout_light et_pb_blurb_position_left et_pb_module et_flex_module preset--module--divi-blurb--default\"><div class=\"et_pb_blurb_content et_flex_module\"><div class=\"et_pb_main_blurb_image\"><span class=\"et_pb_image_wrap\"><span class=\"et-pb-icon et-waypoint et_pb_animation_top et_pb_animation_top_tablet et_pb_animation_top_phone\">N<\/span><\/span><\/div><div class=\"et_pb_blurb_container\"><h4 class=\"et_pb_module_header\">Osobiste wsparcie<\/h4><div class=\"et_pb_blurb_description\"><p class=\"p1\">My\u015blimy razem z Tob\u0105 i pozostajemy zaanga\u017cowani.<\/p>\n<\/div><\/div><\/div><\/div>\n<\/div>\n\n<div class=\"et_pb_column_17 et_pb_column et-last-child et_flex_column et_pb_css_mix_blend_mode_passthrough et_flex_column_24_24 et_flex_column_24_24_tablet et_flex_column_24_24_phone\">\n<div class=\"et_pb_blurb_3 et_pb_blurb et_pb_bg_layout_light et_pb_blurb_position_left et_pb_module et_flex_module preset--module--divi-blurb--default\"><div class=\"et_pb_blurb_content et_flex_module\"><div class=\"et_pb_main_blurb_image\"><span class=\"et_pb_image_wrap\"><span class=\"et-pb-icon et-waypoint et_pb_animation_top et_pb_animation_top_tablet et_pb_animation_top_phone\">N<\/span><\/span><\/div><div class=\"et_pb_blurb_container\"><h4 class=\"et_pb_module_header\">Elastyczne rozwi\u0105zania<\/h4><div class=\"et_pb_blurb_description\"><p class=\"p1\">Zawsze znajdziemy podej\u015bcie dopasowane do Twojej sytuacji.<\/p>\n<\/div><\/div><\/div><\/div>\n<\/div>\n<\/div>\n<\/div>\n<\/div>\n\n<div class=\"et_pb_row_9 et_pb_row et_flex_row preset--module--divi-row--default\">\n<div class=\"et_pb_column_18 et_pb_column et_flex_column et_pb_css_mix_blend_mode_passthrough et_flex_column_24_24 et_flex_column_24_24_tablet et_flex_column_24_24_phone\">\n<div class=\"et_pb_text_13 et_pb_text et_pb_bg_layout_light et_pb_module et_flex_module preset--module--divi-text--default\"><div class=\"et_pb_text_inner\"><h2>Gotowy na kolejny krok?<\/h2>\n<\/div><\/div>\n\n<div class=\"et_pb_divider_6 et_pb_divider et_pb_space et_pb_divider_position_top et_pb_module\"><div class=\"et_pb_divider_internal\"><\/div><\/div>\n\n<div class=\"et_pb_text_14 et_pb_text et_pb_bg_layout_light et_pb_module et_flex_module preset--module--divi-text--default\"><div class=\"et_pb_text_inner\"><p class=\"p1\">Do\u0142\u0105cz teraz i poka\u017c, co potrafisz.\nW PeopleDirekt dbamy o to, aby\u015b trafi\u0142 na w\u0142a\u015bciwe miejsce i m\u00f3g\u0142 rozwija\u0107 si\u0119 w tym, co robisz.<\/p>\n<\/div><\/div>\n\n<div class=\"et_pb_module et_pb_button_module_wrapper et_pb_button_1_wrapper preset--module--divi-button--default_wrapper\"><a class=\"et_pb_button_1 et_pb_button et_pb_bg_layout_light et_pb_module et_flex_module preset--module--divi-button--default\" href=\"https:\/\/peopledirekt.nl\/pl\/contact\/\" data-icon=\"$\">Skontaktuj si\u0119 z nami<\/a><\/div>\n<\/div>\n\n<div class=\"et_pb_column_19 et_pb_column et-last-child et_flex_column et_pb_css_mix_blend_mode_passthrough et_flex_column_24_24 et_flex_column_24_24_tablet et_flex_column_24_24_phone\">\n<div class=\"et_pb_image_8 et_pb_image et_pb_module et_flex_module\"><span class=\"et_pb_image_wrap\"><img decoding=\"async\" src=\"https:\/\/peopledirekt.nl\/wp-content\/uploads\/2025\/10\/cta-woman.webp\" width=\"275\" height=\"410\" sizes=\"(max-width: 275px) 100vw, 275px\" class=\"wp-image-262\" \/><\/span><\/div>\n<\/div>\n<\/div>\n<\/div>","protected":false},"excerpt":{"rendered":"","protected":false},"author":1,"featured_media":0,"parent":0,"menu_order":0,"comment_status":"closed","ping_status":"closed","template":"","meta":{"_acf_changed":false,"footnotes":""},"class_list":["post-430","page","type-page","status-publish","hentry"],"acf":[],"yoast_head":"<!-- This site is optimized with the Yoast SEO plugin v26.9 - https:\/\/yoast.com\/product\/yoast-seo-wordpress\/ -->\n<title>Over ons | PeopleDirekt<\/title>\n<meta name=\"description\" content=\"Leer ons kennen \u2013 een betrokken uitzendbureau in het Westland met jarenlange ervaring in personeelsbemiddeling en regionale arbeidsmarkt.\" \/>\n<meta name=\"robots\" content=\"index, follow, max-snippet:-1, max-image-preview:large, max-video-preview:-1\" \/>\n<link rel=\"canonical\" href=\"https:\/\/peopledirekt.nl\/pl\/over-peopledirekt\/\" \/>\n<meta property=\"og:locale\" content=\"pl_PL\" \/>\n<meta property=\"og:type\" content=\"article\" \/>\n<meta property=\"og:title\" content=\"Over ons | PeopleDirekt\" \/>\n<meta property=\"og:description\" content=\"Leer ons kennen \u2013 een betrokken uitzendbureau in het Westland met jarenlange ervaring in personeelsbemiddeling en regionale arbeidsmarkt.\" \/>\n<meta property=\"og:url\" content=\"https:\/\/peopledirekt.nl\/pl\/over-peopledirekt\/\" \/>\n<meta property=\"og:site_name\" content=\"PeopleDirekt\" \/>\n<meta property=\"article:modified_time\" content=\"2025-10-24T08:32:51+00:00\" \/>\n<meta name=\"twitter:card\" content=\"summary_large_image\" \/>\n<script type=\"application\/ld+json\" class=\"yoast-schema-graph\">{\"@context\":\"https:\/\/schema.org\",\"@graph\":[{\"@type\":\"WebPage\",\"@id\":\"https:\/\/peopledirekt.nl\/over-peopledirekt\/\",\"url\":\"https:\/\/peopledirekt.nl\/over-peopledirekt\/\",\"name\":\"Over ons | PeopleDirekt\",\"isPartOf\":{\"@id\":\"https:\/\/peopledirekt.nl\/#website\"},\"datePublished\":\"2025-10-17T13:10:33+00:00\",\"dateModified\":\"2025-10-24T08:32:51+00:00\",\"description\":\"Leer ons kennen \u2013 een betrokken uitzendbureau in het Westland met jarenlange ervaring in personeelsbemiddeling en regionale arbeidsmarkt.\",\"breadcrumb\":{\"@id\":\"https:\/\/peopledirekt.nl\/over-peopledirekt\/#breadcrumb\"},\"inLanguage\":\"pl-PL\",\"potentialAction\":[{\"@type\":\"ReadAction\",\"target\":[\"https:\/\/peopledirekt.nl\/over-peopledirekt\/\"]}]},{\"@type\":\"BreadcrumbList\",\"@id\":\"https:\/\/peopledirekt.nl\/over-peopledirekt\/#breadcrumb\",\"itemListElement\":[{\"@type\":\"ListItem\",\"position\":1,\"name\":\"Home\",\"item\":\"https:\/\/peopledirekt.nl\/\"},{\"@type\":\"ListItem\",\"position\":2,\"name\":\"Over ons\"}]},{\"@type\":\"WebSite\",\"@id\":\"https:\/\/peopledirekt.nl\/#website\",\"url\":\"https:\/\/peopledirekt.nl\/\",\"name\":\"PeopleDirekt\",\"description\":\"\",\"potentialAction\":[{\"@type\":\"SearchAction\",\"target\":{\"@type\":\"EntryPoint\",\"urlTemplate\":\"https:\/\/peopledirekt.nl\/?s={search_term_string}\"},\"query-input\":{\"@type\":\"PropertyValueSpecification\",\"valueRequired\":true,\"valueName\":\"search_term_string\"}}],\"inLanguage\":\"pl-PL\"}]}<\/script>\n<!-- \/ Yoast SEO plugin. -->","yoast_head_json":{"title":"Over ons | PeopleDirekt","description":"Leer ons kennen \u2013 een betrokken uitzendbureau in het Westland met jarenlange ervaring in personeelsbemiddeling en regionale arbeidsmarkt.","robots":{"index":"index","follow":"follow","max-snippet":"max-snippet:-1","max-image-preview":"max-image-preview:large","max-video-preview":"max-video-preview:-1"},"canonical":"https:\/\/peopledirekt.nl\/pl\/over-peopledirekt\/","og_locale":"pl_PL","og_type":"article","og_title":"Over ons | PeopleDirekt","og_description":"Leer ons kennen \u2013 een betrokken uitzendbureau in het Westland met jarenlange ervaring in personeelsbemiddeling en regionale arbeidsmarkt.","og_url":"https:\/\/peopledirekt.nl\/pl\/over-peopledirekt\/","og_site_name":"PeopleDirekt","article_modified_time":"2025-10-24T08:32:51+00:00","twitter_card":"summary_large_image","schema":{"@context":"https:\/\/schema.org","@graph":[{"@type":"WebPage","@id":"https:\/\/peopledirekt.nl\/over-peopledirekt\/","url":"https:\/\/peopledirekt.nl\/over-peopledirekt\/","name":"Over ons | PeopleDirekt","isPartOf":{"@id":"https:\/\/peopledirekt.nl\/#website"},"datePublished":"2025-10-17T13:10:33+00:00","dateModified":"2025-10-24T08:32:51+00:00","description":"Leer ons kennen \u2013 een betrokken uitzendbureau in het Westland met jarenlange ervaring in personeelsbemiddeling en regionale arbeidsmarkt.","breadcrumb":{"@id":"https:\/\/peopledirekt.nl\/over-peopledirekt\/#breadcrumb"},"inLanguage":"pl-PL","potentialAction":[{"@type":"ReadAction","target":["https:\/\/peopledirekt.nl\/over-peopledirekt\/"]}]},{"@type":"BreadcrumbList","@id":"https:\/\/peopledirekt.nl\/over-peopledirekt\/#breadcrumb","itemListElement":[{"@type":"ListItem","position":1,"name":"Home","item":"https:\/\/peopledirekt.nl\/"},{"@type":"ListItem","position":2,"name":"Over ons"}]},{"@type":"WebSite","@id":"https:\/\/peopledirekt.nl\/#website","url":"https:\/\/peopledirekt.nl\/","name":"PeopleDirekt","description":"","potentialAction":[{"@type":"SearchAction","target":{"@type":"EntryPoint","urlTemplate":"https:\/\/peopledirekt.nl\/?s={search_term_string}"},"query-input":{"@type":"PropertyValueSpecification","valueRequired":true,"valueName":"search_term_string"}}],"inLanguage":"pl-PL"}]}},"_links":{"self":[{"href":"https:\/\/peopledirekt.nl\/pl\/wp-json\/wp\/v2\/pages\/430","targetHints":{"allow":["GET"]}}],"collection":[{"href":"https:\/\/peopledirekt.nl\/pl\/wp-json\/wp\/v2\/pages"}],"about":[{"href":"https:\/\/peopledirekt.nl\/pl\/wp-json\/wp\/v2\/types\/page"}],"author":[{"embeddable":true,"href":"https:\/\/peopledirekt.nl\/pl\/wp-json\/wp\/v2\/users\/1"}],"replies":[{"embeddable":true,"href":"https:\/\/peopledirekt.nl\/pl\/wp-json\/wp\/v2\/comments?post=430"}],"version-history":[{"count":23,"href":"https:\/\/peopledirekt.nl\/pl\/wp-json\/wp\/v2\/pages\/430\/revisions"}],"predecessor-version":[{"id":630,"href":"https:\/\/peopledirekt.nl\/pl\/wp-json\/wp\/v2\/pages\/430\/revisions\/630"}],"wp:attachment":[{"href":"https:\/\/peopledirekt.nl\/pl\/wp-json\/wp\/v2\/media?parent=430"}],"curies":[{"name":"wp","href":"https:\/\/api.w.org\/{rel}","templated":true}]}}